{"id":198,"date":"2022-02-16T08:04:52","date_gmt":"2022-02-16T07:04:52","guid":{"rendered":"https:\/\/wtz81.pl\/?page_id=198"},"modified":"2022-03-24T18:46:00","modified_gmt":"2022-03-24T17:46:00","slug":"o-nas","status":"publish","type":"page","link":"https:\/\/wtz81.pl\/?page_id=198","title":{"rendered":"O nas"},"content":{"rendered":"<p>[et_pb_section fb_built=&#8221;1&#8243; _builder_version=&#8221;4.9.10&#8243; _module_preset=&#8221;default&#8221; global_colors_info=&#8221;{}&#8221;][et_pb_row column_structure=&#8221;3_5,2_5&#8243; make_equal=&#8221;on&#8221; _builder_version=&#8221;4.9.10&#8243; _module_preset=&#8221;default&#8221; max_width=&#8221;100%&#8221; global_colors_info=&#8221;{}&#8221;][et_pb_column type=&#8221;3_5&#8243; _builder_version=&#8221;4.9.10&#8243; _module_preset=&#8221;default&#8221; global_colors_info=&#8221;{}&#8221;][et_pb_text _builder_version=&#8221;4.14.7&#8243; _module_preset=&#8221;default&#8221; header_font=&#8221;Open Sans|800|||||||&#8221; header_text_color=&#8221;#000000&#8243; header_font_size=&#8221;46px&#8221; custom_margin=&#8221;||0px||false|false&#8221; global_colors_info=&#8221;{}&#8221;]<\/p>\n<h1>O nas<\/h1>\n<p>[\/et_pb_text][et_pb_text _builder_version=&#8221;4.14.8&#8243; _module_preset=&#8221;default&#8221; text_font=&#8221;Open Sans|300|||||||&#8221; text_text_color=&#8221;#000000&#8243; text_font_size=&#8221;30px&#8221; text_line_height=&#8221;41px&#8221; width=&#8221;70%&#8221; width_tablet=&#8221;100%&#8221; width_phone=&#8221;100%&#8221; width_last_edited=&#8221;on|tablet&#8221; hover_enabled=&#8221;0&#8243; global_colors_info=&#8221;{}&#8221; sticky_enabled=&#8221;0&#8243;]<\/p>\n<p>Warsztat Terapii Zaj\u0119ciowej dzia\u0142a od 1997 roku. Zaj\u0119cia prowadzone s\u0105 przez terapeut\u00f3w zaj\u0119ciowych, a naszym podopiecznym zapewniamy pomoc psychologa, fizjoterapeuty i opiek\u0119 socjaln\u0105.<\/p>\n<p>[\/et_pb_text][\/et_pb_column][et_pb_column type=&#8221;2_5&#8243; _builder_version=&#8221;4.9.10&#8243; _module_preset=&#8221;default&#8221; global_colors_info=&#8221;{}&#8221;][et_pb_image src=&#8221;https:\/\/wtz81.pl\/wp-content\/uploads\/2022\/02\/zdjecie-budynku-wtz.jpg&#8221; alt=&#8221;Zdj\u0119cie wej\u015bcia g\u0142\u00f3wnego do WTZ.&#8221; title_text=&#8221;Zdj\u0119cie wej\u015bcia g\u0142\u00f3wnego do WTZ&#8221; _builder_version=&#8221;4.14.7&#8243; _module_preset=&#8221;default&#8221; global_colors_info=&#8221;{}&#8221;][\/et_pb_image][\/et_pb_column][\/et_pb_row][\/et_pb_section][et_pb_section fb_built=&#8221;1&#8243; _builder_version=&#8221;4.9.10&#8243; _module_preset=&#8221;default&#8221; background_color=&#8221;rgba(59,59,59,0.05)&#8221; locked=&#8221;off&#8221; global_colors_info=&#8221;{}&#8221;][et_pb_row column_structure=&#8221;1_2,1_2&#8243; use_custom_gutter=&#8221;on&#8221; gutter_width=&#8221;1&#8243; make_equal=&#8221;on&#8221; _builder_version=&#8221;4.9.4&#8243; _module_preset=&#8221;default&#8221; max_width=&#8221;100%&#8221; global_colors_info=&#8221;{}&#8221;][et_pb_column type=&#8221;1_2&#8243; disabled_on=&#8221;on|on|off&#8221; _builder_version=&#8221;4.9.4&#8243; _module_preset=&#8221;default&#8221; custom_css_main_element=&#8221;margin: auto;&#8221; global_colors_info=&#8221;{}&#8221;][et_pb_image src=&#8221;https:\/\/wtz81.pl\/wp-content\/uploads\/2022\/02\/1-procent-zdjecie-dane.jpg&#8221; alt=&#8221;Zdj\u0119cie budynku WTZ.&#8221; title_text=&#8221;Zdj\u0119cie budynku WTZ&#8221; align=&#8221;center&#8221; _builder_version=&#8221;4.14.7&#8243; _module_preset=&#8221;default&#8221; global_colors_info=&#8221;{}&#8221;][\/et_pb_image][\/et_pb_column][et_pb_column type=&#8221;1_2&#8243; _builder_version=&#8221;4.9.10&#8243; _module_preset=&#8221;default&#8221; custom_css_main_element=&#8221;margin: auto;&#8221; global_colors_info=&#8221;{}&#8221;][et_pb_text _builder_version=&#8221;4.14.8&#8243; _module_preset=&#8221;default&#8221; text_font=&#8221;Open Sans||||||||&#8221; text_text_color=&#8221;#000000&#8243; text_line_height=&#8221;1.8em&#8221; width=&#8221;70%&#8221; width_tablet=&#8221;100%&#8221; width_phone=&#8221;100%&#8221; width_last_edited=&#8221;on|tablet&#8221; hover_enabled=&#8221;0&#8243; global_colors_info=&#8221;{}&#8221; sticky_enabled=&#8221;0&#8243;]<\/p>\n<p>Warsztat Terapii Zaj\u0119ciowej dzia\u0142a od 1997 roku. Jednostk\u0105 prowadz\u0105c\u0105 jest Stowarzyszenie Pomocy Socjalnej Gaudium et Spes w Krakowie. Warsztat Terapii Zaj\u0119ciowej finansowany jest ze \u015brodk\u00f3w Pa\u0144stwowego Funduszu Rehabilitacji Os\u00f3b Niepe\u0142nosprawnych przekazywanych za po\u015brednictwem Miejskiego O\u015brodka Pomocy Spo\u0142ecznej oraz ze \u015brodk\u00f3w Gminy Miejskiej Krak\u00f3w. Warsztat czynny jest od poniedzia\u0142ku do pi\u0105tku w godz. 7.30-15.30. W zaj\u0119ciach mo\u017ce uczestniczy\u0107 35 os\u00f3b. Zaj\u0119cia prowadzone s\u0105 przez terapeut\u00f3w zaj\u0119ciowych, a naszym podopiecznym zapewniamy r\u00f3wnie\u017c pomoc psychologa, fizjoterapeuty i opiek\u0119 socjaln\u0105.<\/p>\n<p>[\/et_pb_text][\/et_pb_column][\/et_pb_row][\/et_pb_section][et_pb_section fb_built=&#8221;1&#8243; _builder_version=&#8221;4.14.8&#8243; _module_preset=&#8221;default&#8221; background_color=&#8221;rgba(59,59,59,0.05)&#8221; hover_enabled=&#8221;0&#8243; locked=&#8221;off&#8221; global_colors_info=&#8221;{}&#8221; sticky_enabled=&#8221;0&#8243;][et_pb_row _builder_version=&#8221;4.9.10&#8243; _module_preset=&#8221;default&#8221; locked=&#8221;off&#8221; global_colors_info=&#8221;{}&#8221;][et_pb_column type=&#8221;4_4&#8243; _builder_version=&#8221;4.9.10&#8243; _module_preset=&#8221;default&#8221; global_colors_info=&#8221;{}&#8221;][et_pb_text _builder_version=&#8221;4.14.8&#8243; _module_preset=&#8221;default&#8221; text_font=&#8221;Open Sans||||||||&#8221; text_text_color=&#8221;#000000&#8243; text_line_height=&#8221;1.8em&#8221; width=&#8221;100%&#8221; width_tablet=&#8221;100%&#8221; width_phone=&#8221;100%&#8221; width_last_edited=&#8221;on|tablet&#8221; module_alignment=&#8221;center&#8221; hover_enabled=&#8221;0&#8243; global_colors_info=&#8221;{}&#8221; sticky_enabled=&#8221;0&#8243;]<\/p>\n<p>W zaj\u0119ciach warsztatowych uczestnicz\u0105 osoby po kryzysach psychicznych. Udzia\u0142 w zaj\u0119ciach jest specyficznym treningiem umiej\u0119tno\u015bci spo\u0142ecznych, dzi\u0119ki kt\u00f3remu mo\u017cna utrzyma\u0107 na sta\u0142ym poziomie zdolno\u015b\u0107 do wykonywania czynno\u015bci dnia codziennego, uczy samodzielno\u015bci i umiej\u0119tno\u015bci potrzebnych w pracy zawodowej. WTZ jest kolejnym etapem rehabilitacji i przygotowania do podj\u0119cia zatrudnienia. Osobom zmotywowanym do podj\u0119cia pracy pomagamy w znalezieniu odpowiedniego sta\u017cu lub praktyki zawodowej.<\/p>\n<p>Dla ka\u017cdego uczestnika opracowany jest roczny Indywidualny Program Rehabilitacji, kt\u00f3ry realizowany jest w poszczeg\u00f3lnych pracowniach WTZ. Zaj\u0119cia trwaj\u0105 cztery miesi\u0105ce, nast\u0119pnie uczestnik przechodzi do innej pracowni, gdzie kontynuowany jest proces rehabilitacji. \u00a0W Warsztacie dzia\u0142aj\u0105 pracownie: marketingu i reklamy, komputerowa i urz\u0105dze\u0144 biurowych, artystyczna, r\u0119kodzie\u0142a, stolarsko-konserwatorska, gospodarstwa domowego <br \/>i umiej\u0119tno\u015bci spo\u0142ecznych. W plac\u00f3wce odbywaj\u0105 si\u0119 r\u00f3wnie\u017c zaj\u0119cia dodatkowe, np. j\u0119zyk hiszpa\u0144ski, k\u00f3\u0142ko sportowe i zaj\u0119cia fizjoterapeutyczne. Ze wzgl\u0119du na specyfik\u0119 choroby psychicznej, bardzo wa\u017cnym elementem w procesie rehabilitacji jest aktywne uczestnictwo w \u017cyciu spo\u0142ecznym, kontakt z kultur\u0105 i sztuk\u0105. Plac\u00f3wka umo\u017cliwia to uczestnikom poprzez wyjazdy rehabilitacyjne, wycieczki, wyj\u015bcia do muze\u00f3w, teatr\u00f3w, kin itp.<\/p>\n<p>W Warsztacie realizowany jest program Zaj\u0119\u0107 Klubowych, finansowany ze \u015brodk\u00f3w Pa\u0144stwowego Funduszu Rehabilitacji Os\u00f3b Niepe\u0142nosprawnych, w kt\u00f3rym bior\u0105 udzia\u0142 osoby oczekuj\u0105ce na przyj\u0119cie do WTZ lub osoby, kt\u00f3re opu\u015bci\u0142y Warsztat i podj\u0119\u0142y zatrudnienie.<\/p>\n<p>[\/et_pb_text][\/et_pb_column][\/et_pb_row][\/et_pb_section]<\/p>\n","protected":false},"excerpt":{"rendered":"<p>O nasWarsztat Terapii Zaj\u0119ciowej dzia\u0142a od 1997 roku. Zaj\u0119cia prowadzone s\u0105 przez terapeut\u00f3w zaj\u0119ciowych, a naszym podopiecznym zapewniamy pomoc psychologa, fizjoterapeuty i opiek\u0119 socjaln\u0105.Warsztat Terapii Zaj\u0119ciowej dzia\u0142a od 1997 roku. Jednostk\u0105 prowadz\u0105c\u0105 jest Stowarzyszenie Pomocy Socjalnej Gaudium et Spes w Krakowie. Warsztat Terapii Zaj\u0119ciowej finansowany jest ze \u015brodk\u00f3w Pa\u0144stwowego Funduszu Rehabilitacji Os\u00f3b Niepe\u0142nosprawnych przekazywanych za [&hellip;]<\/p>\n","protected":false},"author":1,"featured_media":0,"parent":0,"menu_order":0,"comment_status":"closed","ping_status":"closed","template":"","meta":{"_et_pb_use_builder":"on","_et_pb_old_content":"","_et_gb_content_width":"","footnotes":""},"class_list":["post-198","page","type-page","status-publish","hentry"],"_links":{"self":[{"href":"https:\/\/wtz81.pl\/index.php?rest_route=\/wp\/v2\/pages\/198","targetHints":{"allow":["GET"]}}],"collection":[{"href":"https:\/\/wtz81.pl\/index.php?rest_route=\/wp\/v2\/pages"}],"about":[{"href":"https:\/\/wtz81.pl\/index.php?rest_route=\/wp\/v2\/types\/page"}],"author":[{"embeddable":true,"href":"https:\/\/wtz81.pl\/index.php?rest_route=\/wp\/v2\/users\/1"}],"replies":[{"embeddable":true,"href":"https:\/\/wtz81.pl\/index.php?rest_route=%2Fwp%2Fv2%2Fcomments&post=198"}],"version-history":[{"count":0,"href":"https:\/\/wtz81.pl\/index.php?rest_route=\/wp\/v2\/pages\/198\/revisions"}],"wp:attachment":[{"href":"https:\/\/wtz81.pl\/index.php?rest_route=%2Fwp%2Fv2%2Fmedia&parent=198"}],"curies":[{"name":"wp","href":"https:\/\/api.w.org\/{rel}","templated":true}]}}