{"id":254,"date":"2022-02-16T14:35:55","date_gmt":"2022-02-16T13:35:55","guid":{"rendered":"https:\/\/wtz81.pl\/?page_id=254"},"modified":"2026-03-19T10:05:35","modified_gmt":"2026-03-19T09:05:35","slug":"odpis-od-podatku-1","status":"publish","type":"page","link":"https:\/\/wtz81.pl\/?page_id=254","title":{"rendered":"Odpis od podatku 1%"},"content":{"rendered":"<p>[et_pb_section fb_built=&#8221;1&#8243; _builder_version=&#8221;4.16&#8243; _module_preset=&#8221;default&#8221; global_colors_info=&#8221;{}&#8221;][et_pb_row column_structure=&#8221;3_5,2_5&#8243; make_equal=&#8221;on&#8221; _builder_version=&#8221;4.16&#8243; _module_preset=&#8221;default&#8221; max_width=&#8221;100%&#8221; global_colors_info=&#8221;{}&#8221;][et_pb_column type=&#8221;3_5&#8243; _builder_version=&#8221;4.16&#8243; _module_preset=&#8221;default&#8221; global_colors_info=&#8221;{}&#8221;][et_pb_text _builder_version=&#8221;4.16&#8243; _module_preset=&#8221;default&#8221; header_font=&#8221;Open Sans|800|||||||&#8221; header_text_color=&#8221;#000000&#8243; header_font_size=&#8221;46px&#8221; custom_margin=&#8221;||0px||false|false&#8221; global_colors_info=&#8221;{}&#8221;]<\/p>\n<h1>Odpis 1,5% od podatku<\/h1>\n<p>[\/et_pb_text][et_pb_text _builder_version=&#8221;4.16&#8243; _module_preset=&#8221;default&#8221; text_font=&#8221;Open Sans|300|||||||&#8221; text_text_color=&#8221;#000000&#8243; text_font_size=&#8221;30px&#8221; text_line_height=&#8221;41px&#8221; width=&#8221;70%&#8221; width_tablet=&#8221;100%&#8221; width_phone=&#8221;100%&#8221; width_last_edited=&#8221;on|tablet&#8221; locked=&#8221;off&#8221; global_colors_info=&#8221;{}&#8221;]<\/p>\n<p>Zr\u00f3b dobry uczynek! <br \/>Nie oddawaj fiskusowi tego, co mo\u017cesz da\u0107 organizacji po\u017cytku publicznego!<\/p>\n<p>[\/et_pb_text][\/et_pb_column][et_pb_column type=&#8221;2_5&#8243; _builder_version=&#8221;4.16&#8243; _module_preset=&#8221;default&#8221; global_colors_info=&#8221;{}&#8221;][et_pb_image src=&#8221;https:\/\/wtz81.pl\/wp-content\/uploads\/2026\/03\/odpis-1-procent-2.jpg&#8221; alt=&#8221;Odpis 1%.&#8221; title_text=&#8221;odpis-1-procent-2&#8243; _builder_version=&#8221;4.18.0&#8243; _module_preset=&#8221;default&#8221; hover_enabled=&#8221;0&#8243; global_colors_info=&#8221;{}&#8221; sticky_enabled=&#8221;0&#8243;][\/et_pb_image][\/et_pb_column][\/et_pb_row][\/et_pb_section][et_pb_section fb_built=&#8221;1&#8243; _builder_version=&#8221;4.16&#8243; _module_preset=&#8221;default&#8221; background_color=&#8221;rgba(59,59,59,0.05)&#8221; locked=&#8221;off&#8221; global_colors_info=&#8221;{}&#8221;][et_pb_row _builder_version=&#8221;4.16&#8243; _module_preset=&#8221;default&#8221; locked=&#8221;off&#8221; global_colors_info=&#8221;{}&#8221;][et_pb_column type=&#8221;4_4&#8243; _builder_version=&#8221;4.16&#8243; _module_preset=&#8221;default&#8221; global_colors_info=&#8221;{}&#8221;][et_pb_text _builder_version=&#8221;4.16&#8243; _module_preset=&#8221;default&#8221; header_font=&#8221;|800|||||||&#8221; header_text_color=&#8221;#000000&#8243; header_font_size=&#8221;46px&#8221; header_2_font=&#8221;|800|||||||&#8221; header_2_text_align=&#8221;center&#8221; header_2_text_color=&#8221;#000000&#8243; header_2_font_size=&#8221;46px&#8221; locked=&#8221;off&#8221; global_colors_info=&#8221;{}&#8221;]<\/p>\n<h2>Podaruj 1,5%<\/h2>\n<p>[\/et_pb_text][et_pb_text _builder_version=&#8221;4.16&#8243; _module_preset=&#8221;default&#8221; text_font=&#8221;Open Sans||||||||&#8221; text_text_color=&#8221;#000000&#8243; text_line_height=&#8221;1.8em&#8221; width=&#8221;100%&#8221; width_tablet=&#8221;100%&#8221; width_phone=&#8221;100%&#8221; width_last_edited=&#8221;on|tablet&#8221; module_alignment=&#8221;center&#8221; global_colors_info=&#8221;{}&#8221;]<\/p>\n<p>TO NIC CI\u0118 NIE KOSZTUJE &#8211; DAJESZ PIENI\u0104DZE ORGANIZACJI PO\u017bYTKU PUBLICZNEGO ZAMIAST WRZUCA\u0106 JE DO OGROMNEGO WORA, Z KT\u00d3REGO NIE WIADOMO, KTO JE WYJMIE.<\/p>\n<p>WIESZ CHYBA, \u017bE ORGANIZACJE PO\u017bYTKU PUBLICZNEGO LEPIEJ ZARZ\u0104DZAJ\u0104 FUNDUSZAMI NI\u017b BUD\u017bET PA\u0143STWA.<\/p>\n<p>[\/et_pb_text][et_pb_text _builder_version=&#8221;4.16&#8243; _module_preset=&#8221;default&#8221; text_font=&#8221;Open Sans||||||||&#8221; text_text_color=&#8221;#000000&#8243; text_line_height=&#8221;1.8em&#8221; width=&#8221;100%&#8221; width_tablet=&#8221;100%&#8221; width_phone=&#8221;100%&#8221; width_last_edited=&#8221;on|tablet&#8221; module_alignment=&#8221;center&#8221; global_colors_info=&#8221;{}&#8221;]<\/p>\n<p><strong>Nie musimy osobi\u015bcie wp\u0142aca\u0107 pieni\u0119dzy na konto organizacji!<\/strong><\/p>\n<p>W ci\u0105gu trzech miesi\u0119cy od z\u0142o\u017cenia PIT-u naczelnik w\u0142a\u015bciwego Urz\u0119du Skarbowego ma obowi\u0105zek odliczy\u0107 wskazan\u0105 kwot\u0119 z naszego podatku i przekaza\u0107 na konto wybranej przez nas organizacji po\u017cytku publicznego.<\/p>\n<p>[\/et_pb_text][\/et_pb_column][\/et_pb_row][\/et_pb_section][et_pb_section fb_built=&#8221;1&#8243; _builder_version=&#8221;4.16&#8243; _module_preset=&#8221;default&#8221; background_enable_color=&#8221;off&#8221; locked=&#8221;off&#8221; global_colors_info=&#8221;{}&#8221;][et_pb_row column_structure=&#8221;1_2,1_2&#8243; use_custom_gutter=&#8221;on&#8221; gutter_width=&#8221;1&#8243; make_equal=&#8221;on&#8221; _builder_version=&#8221;4.16&#8243; _module_preset=&#8221;default&#8221; max_width=&#8221;100%&#8221; global_colors_info=&#8221;{}&#8221;][et_pb_column type=&#8221;1_2&#8243; disabled_on=&#8221;on|on|off&#8221; _builder_version=&#8221;4.16&#8243; _module_preset=&#8221;default&#8221; custom_css_main_element=&#8221;margin: auto;&#8221; global_colors_info=&#8221;{}&#8221;][et_pb_image src=&#8221;https:\/\/wtz81.pl\/wp-content\/uploads\/2022\/02\/1-procent-zdjecie-dane.jpg&#8221; alt=&#8221;Zdj\u0119cie budynku WTZ.&#8221; title_text=&#8221;Zdj\u0119cie budynku WTZ&#8221; align=&#8221;center&#8221; _builder_version=&#8221;4.16&#8243; _module_preset=&#8221;default&#8221; global_colors_info=&#8221;{}&#8221;][\/et_pb_image][\/et_pb_column][et_pb_column type=&#8221;1_2&#8243; _builder_version=&#8221;4.16&#8243; _module_preset=&#8221;default&#8221; custom_css_main_element=&#8221;margin: auto;&#8221; global_colors_info=&#8221;{}&#8221;][et_pb_text _builder_version=&#8221;4.16&#8243; _module_preset=&#8221;default&#8221; header_font=&#8221;|800|||||||&#8221; header_text_color=&#8221;#000000&#8243; header_font_size=&#8221;46px&#8221; header_2_font=&#8221;|800|||||||&#8221; header_2_text_align=&#8221;center&#8221; header_2_text_color=&#8221;#000000&#8243; header_2_font_size=&#8221;46px&#8221; header_3_font=&#8221;Open Sans|800|||||||&#8221; header_3_font_size=&#8221;26px&#8221; width=&#8221;70%&#8221; width_tablet=&#8221;100%&#8221; width_phone=&#8221;100%&#8221; width_last_edited=&#8221;on|tablet&#8221; custom_margin=&#8221;||15px||false|false&#8221; locked=&#8221;off&#8221; global_colors_info=&#8221;{}&#8221;]<\/p>\n<h3>Nasze dane<\/h3>\n<p>[\/et_pb_text][et_pb_text _builder_version=&#8221;4.16&#8243; _module_preset=&#8221;default&#8221; text_font=&#8221;Open Sans||||||||&#8221; text_text_color=&#8221;#000000&#8243; text_line_height=&#8221;1.8em&#8221; width=&#8221;70%&#8221; width_tablet=&#8221;100%&#8221; width_phone=&#8221;100%&#8221; width_last_edited=&#8221;on|tablet&#8221; custom_margin=&#8221;||15px||false|false&#8221; global_colors_info=&#8221;{}&#8221;]<\/p>\n<p>Stowarzyszenie Pomocy Socjalnej<br \/><strong>Gaudium et Spes<\/strong><br \/>os. Szkolne 35<br \/>31-978 Krak\u00f3w<\/p>\n<p><strong>KRS<\/strong>: 0000110914<br \/><strong>REGON:<\/strong> 351229624<\/p>\n<p><strong>Nr konta Alior Bank:<\/strong> 62 2490 0005 0000 4530 5005 5719<\/p>\n<p>Numer w Krajowym Rejestrze S\u0105dowym: 0000110914<br \/>Data rejestracji: 08.05.2002 r.<\/p>\n<p><strong>Z dopiskiem:<\/strong> &#8222;Dla Warsztatu Terapii Zaj\u0119ciowej, ul. Kr\u00f3lowej Jadwigi 81&#8221;<\/p>\n<p>[\/et_pb_text][et_pb_text _builder_version=&#8221;4.16&#8243; _module_preset=&#8221;default&#8221; header_font=&#8221;|800|||||||&#8221; header_text_color=&#8221;#000000&#8243; header_font_size=&#8221;46px&#8221; header_2_font=&#8221;|800|||||||&#8221; header_2_text_align=&#8221;center&#8221; header_2_text_color=&#8221;#000000&#8243; header_2_font_size=&#8221;46px&#8221; header_3_font=&#8221;Open Sans|800|||||||&#8221; header_3_font_size=&#8221;26px&#8221; width=&#8221;70%&#8221; width_tablet=&#8221;100%&#8221; width_phone=&#8221;100%&#8221; width_last_edited=&#8221;on|tablet&#8221; locked=&#8221;off&#8221; global_colors_info=&#8221;{}&#8221;]<\/p>\n<h3>KRS: 0000 110 914<\/h3>\n<p>[\/et_pb_text][\/et_pb_column][\/et_pb_row][\/et_pb_section][et_pb_section fb_built=&#8221;1&#8243; _builder_version=&#8221;4.16&#8243; _module_preset=&#8221;default&#8221; background_color=&#8221;rgba(59,59,59,0.05)&#8221; locked=&#8221;off&#8221; global_colors_info=&#8221;{}&#8221;][et_pb_row _builder_version=&#8221;4.16&#8243; _module_preset=&#8221;default&#8221; locked=&#8221;off&#8221; global_colors_info=&#8221;{}&#8221;][et_pb_column type=&#8221;4_4&#8243; _builder_version=&#8221;4.16&#8243; _module_preset=&#8221;default&#8221; global_colors_info=&#8221;{}&#8221;][et_pb_text _builder_version=&#8221;4.16&#8243; _module_preset=&#8221;default&#8221; header_font=&#8221;|800|||||||&#8221; header_text_color=&#8221;#000000&#8243; header_font_size=&#8221;46px&#8221; header_2_font=&#8221;|800|||||||&#8221; header_2_text_align=&#8221;center&#8221; header_2_text_color=&#8221;#000000&#8243; header_2_font_size=&#8221;46px&#8221; locked=&#8221;off&#8221; global_colors_info=&#8221;{}&#8221;]<\/p>\n<h2>Jak dokona\u0107 odpisu?<\/h2>\n<p>[\/et_pb_text][et_pb_text _builder_version=&#8221;4.16&#8243; _module_preset=&#8221;default&#8221; text_font=&#8221;Open Sans||||||||&#8221; text_text_color=&#8221;#000000&#8243; text_line_height=&#8221;1.8em&#8221; width=&#8221;100%&#8221; width_tablet=&#8221;100%&#8221; width_phone=&#8221;100%&#8221; width_last_edited=&#8221;on|tablet&#8221; module_alignment=&#8221;center&#8221; global_colors_info=&#8221;{}&#8221;]<\/p>\n<ol>\n<li>Zdecyduj, kt\u00f3r\u0105 organizacj\u0119 chcesz wspiera\u0107 i sprawd\u017a jej dane.<\/li>\n<li>Wype\u0142niaj\u0105c roczne zeznanie podatkowe &#8211; w odpowiedniej rubryce formularz PIT (PIT-28, PIT-36, PIT 36L, PIT-37, PIT-38) wpisz nazw\u0119 organizacji oraz jej numer z Krajowego Rejestru S\u0105dowego (KRS) i kwot\u0119 (max. 1% podatku), kt\u00f3r\u0105 chcesz przekaza\u0107.<\/li>\n<li>Kompletny PIT z\u0142\u00f3\u017c w Urz\u0119dzie Skarbowym w okresie od 1 stycznia do 30 kwietnia. W razie nadp\u0142aty podatku Urz\u0105d zwr\u00f3ci Ci przekazan\u0105 kwot\u0119. W pozosta\u0142ych przypadkach wyliczona kwota do zap\u0142aty zostanie pomniejszona o wp\u0142at\u0119 na rzecz po\u017cytku publicznego.<\/li>\n<\/ol>\n<p>[\/et_pb_text][\/et_pb_column][\/et_pb_row][\/et_pb_section]<\/p>\n","protected":false},"excerpt":{"rendered":"<p>Odpis 1,5% od podatkuZr\u00f3b dobry uczynek! Nie oddawaj fiskusowi tego, co mo\u017cesz da\u0107 organizacji po\u017cytku publicznego!Podaruj 1,5%TO NIC CI\u0118 NIE KOSZTUJE &#8211; DAJESZ PIENI\u0104DZE ORGANIZACJI PO\u017bYTKU PUBLICZNEGO ZAMIAST WRZUCA\u0106 JE DO OGROMNEGO WORA, Z KT\u00d3REGO NIE WIADOMO, KTO JE WYJMIE. WIESZ CHYBA, \u017bE ORGANIZACJE PO\u017bYTKU PUBLICZNEGO LEPIEJ ZARZ\u0104DZAJ\u0104 FUNDUSZAMI NI\u017b BUD\u017bET PA\u0143STWA.Nie musimy osobi\u015bcie wp\u0142aca\u0107 [&hellip;]<\/p>\n","protected":false},"author":1,"featured_media":0,"parent":0,"menu_order":0,"comment_status":"closed","ping_status":"closed","template":"","meta":{"_et_pb_use_builder":"on","_et_pb_old_content":"","_et_gb_content_width":"","footnotes":""},"class_list":["post-254","page","type-page","status-publish","hentry"],"_links":{"self":[{"href":"https:\/\/wtz81.pl\/index.php?rest_route=\/wp\/v2\/pages\/254","targetHints":{"allow":["GET"]}}],"collection":[{"href":"https:\/\/wtz81.pl\/index.php?rest_route=\/wp\/v2\/pages"}],"about":[{"href":"https:\/\/wtz81.pl\/index.php?rest_route=\/wp\/v2\/types\/page"}],"author":[{"embeddable":true,"href":"https:\/\/wtz81.pl\/index.php?rest_route=\/wp\/v2\/users\/1"}],"replies":[{"embeddable":true,"href":"https:\/\/wtz81.pl\/index.php?rest_route=%2Fwp%2Fv2%2Fcomments&post=254"}],"version-history":[{"count":1,"href":"https:\/\/wtz81.pl\/index.php?rest_route=\/wp\/v2\/pages\/254\/revisions"}],"predecessor-version":[{"id":625,"href":"https:\/\/wtz81.pl\/index.php?rest_route=\/wp\/v2\/pages\/254\/revisions\/625"}],"wp:attachment":[{"href":"https:\/\/wtz81.pl\/index.php?rest_route=%2Fwp%2Fv2%2Fmedia&parent=254"}],"curies":[{"name":"wp","href":"https:\/\/api.w.org\/{rel}","templated":true}]}}