{"id":277,"date":"2022-02-16T14:52:27","date_gmt":"2022-02-16T13:52:27","guid":{"rendered":"https:\/\/wtz81.pl\/?page_id=277"},"modified":"2022-03-25T09:11:53","modified_gmt":"2022-03-25T08:11:53","slug":"kandydaci","status":"publish","type":"page","link":"https:\/\/wtz81.pl\/?page_id=277","title":{"rendered":"Kandydaci"},"content":{"rendered":"<p>[et_pb_section fb_built=&#8221;1&#8243; _builder_version=&#8221;4.15&#8243; _module_preset=&#8221;default&#8221; global_colors_info=&#8221;{}&#8221;][et_pb_row column_structure=&#8221;3_5,2_5&#8243; make_equal=&#8221;on&#8221; _builder_version=&#8221;4.15&#8243; _module_preset=&#8221;default&#8221; max_width=&#8221;100%&#8221; global_colors_info=&#8221;{}&#8221;][et_pb_column type=&#8221;3_5&#8243; _builder_version=&#8221;4.15&#8243; _module_preset=&#8221;default&#8221; global_colors_info=&#8221;{}&#8221;][et_pb_text _builder_version=&#8221;4.15&#8243; _module_preset=&#8221;default&#8221; header_font=&#8221;Open Sans|800|||||||&#8221; header_text_color=&#8221;#000000&#8243; header_font_size=&#8221;46px&#8221; custom_margin=&#8221;||0px||false|false&#8221; global_colors_info=&#8221;{}&#8221;]<\/p>\n<h1>Kandydaci<\/h1>\n<p>[\/et_pb_text][et_pb_text _builder_version=&#8221;4.15.1&#8243; _module_preset=&#8221;default&#8221; text_font=&#8221;Open Sans|300|||||||&#8221; text_text_color=&#8221;#000000&#8243; text_font_size=&#8221;30px&#8221; text_line_height=&#8221;41px&#8221; width=&#8221;70%&#8221; width_tablet=&#8221;100%&#8221; width_phone=&#8221;100%&#8221; width_last_edited=&#8221;on|tablet&#8221; locked=&#8221;off&#8221; global_colors_info=&#8221;{}&#8221;]<\/p>\n<p>Wa\u017cne informacje dla kandydat\u00f3w.<\/p>\n<p>[\/et_pb_text][\/et_pb_column][et_pb_column type=&#8221;2_5&#8243; _builder_version=&#8221;4.15&#8243; _module_preset=&#8221;default&#8221; global_colors_info=&#8221;{}&#8221;][et_pb_image src=&#8221;https:\/\/wtz81.pl\/wp-content\/uploads\/2022\/02\/kontakt-img.jpg&#8221; alt=&#8221;Render 3d budynku Stowarzyszenia &#8211; WTZ&#8221; title_text=&#8221;Render 3d budynku Stowarzyszenia&#8221; _builder_version=&#8221;4.15&#8243; _module_preset=&#8221;default&#8221; global_colors_info=&#8221;{}&#8221;][\/et_pb_image][\/et_pb_column][\/et_pb_row][\/et_pb_section][et_pb_section fb_built=&#8221;1&#8243; _builder_version=&#8221;4.15&#8243; _module_preset=&#8221;default&#8221; background_color=&#8221;rgba(59,59,59,0.05)&#8221; locked=&#8221;off&#8221; global_colors_info=&#8221;{}&#8221;][et_pb_row _builder_version=&#8221;4.15&#8243; _module_preset=&#8221;default&#8221; locked=&#8221;off&#8221; global_colors_info=&#8221;{}&#8221;][et_pb_column type=&#8221;4_4&#8243; _builder_version=&#8221;4.15&#8243; _module_preset=&#8221;default&#8221; global_colors_info=&#8221;{}&#8221;][et_pb_text _builder_version=&#8221;4.15.1&#8243; _module_preset=&#8221;default&#8221; text_font=&#8221;Open Sans||||||||&#8221; text_text_color=&#8221;#000000&#8243; text_line_height=&#8221;1.8em&#8221; header_2_font=&#8221;Open Sans|700|||||||&#8221; header_2_line_height=&#8221;1.4em&#8221; width=&#8221;100%&#8221; width_tablet=&#8221;100%&#8221; width_phone=&#8221;100%&#8221; width_last_edited=&#8221;on|tablet&#8221; module_alignment=&#8221;center&#8221; hover_enabled=&#8221;0&#8243; global_colors_info=&#8221;{}&#8221; sticky_enabled=&#8221;0&#8243;]<\/p>\n<h2>Dokumenty potrzebne do przyj\u0119cia.<\/h2>\n<ol>\n<li>Wa\u017cne orzeczenie o stopniu niepe\u0142nosprawno\u015bci ze wskazaniem do terapii zaj\u0119ciowej w ramach WTZ &#8211; symbol 02-P,<\/li>\n<li>Zameldowanie na terenia miasta Krakowa,<\/li>\n<li>Karta informacyjna uczestnika WTZ <strong><a href=\"https:\/\/wtz81.pl\/wp-content\/uploads\/2022\/03\/Karta-informacyjna.pdf\">(kliknij aby pobra\u0107 dokument w formacie PDF)<\/a><\/strong>,<\/li>\n<li>Podanie o przyj\u0119cie do WTZ <a href=\"https:\/\/wtz81.pl\/wp-content\/uploads\/2022\/03\/Podanie-o-przyjecie.pdf\"><strong>(kliknij aby pobra\u0107 dokument w formacie PDF)<\/strong><\/a>.<\/li>\n<\/ol>\n<p>[\/et_pb_text][et_pb_text _builder_version=&#8221;4.15.1&#8243; _module_preset=&#8221;default&#8221; text_font=&#8221;Open Sans||||||||&#8221; text_text_color=&#8221;#000000&#8243; text_line_height=&#8221;1.8em&#8221; header_3_font=&#8221;Open Sans|700|||||||&#8221; header_3_line_height=&#8221;1.4em&#8221; width=&#8221;100%&#8221; width_tablet=&#8221;100%&#8221; width_phone=&#8221;100%&#8221; width_last_edited=&#8221;on|tablet&#8221; module_alignment=&#8221;center&#8221; global_colors_info=&#8221;{}&#8221;]<\/p>\n<h3>Orzecznictwo o stopniu niepe\u0142nosprawno\u015bci.<\/h3>\n<p><strong><a href=\"https:\/\/www.bip.krakow.pl\/?id=32&amp;sub=struktura&amp;query=id%3D1300602%26amp%3Bpz%3D3\">Powiatowy Zesp\u00f3\u0142 ds. Orzekania o Niepe\u0142nosprawno\u015bci<\/a><\/strong><br \/>ul. Jana Dekerta 24<br \/>30-703 Krak\u00f3w<br \/>tel. 12 616 52 15<\/p>\n<p>[\/et_pb_text][\/et_pb_column][\/et_pb_row][\/et_pb_section]<\/p>\n","protected":false},"excerpt":{"rendered":"<p>KandydaciWa\u017cne informacje dla kandydat\u00f3w.Dokumenty potrzebne do przyj\u0119cia. Wa\u017cne orzeczenie o stopniu niepe\u0142nosprawno\u015bci ze wskazaniem do terapii zaj\u0119ciowej w ramach WTZ &#8211; symbol 02-P, Zameldowanie na terenia miasta Krakowa, Karta informacyjna uczestnika WTZ (kliknij aby pobra\u0107 dokument w formacie PDF), Podanie o przyj\u0119cie do WTZ (kliknij aby pobra\u0107 dokument w formacie PDF). Orzecznictwo o stopniu niepe\u0142nosprawno\u015bci. [&hellip;]<\/p>\n","protected":false},"author":1,"featured_media":0,"parent":0,"menu_order":0,"comment_status":"closed","ping_status":"closed","template":"","meta":{"_et_pb_use_builder":"on","_et_pb_old_content":"","_et_gb_content_width":"","footnotes":""},"class_list":["post-277","page","type-page","status-publish","hentry"],"_links":{"self":[{"href":"https:\/\/wtz81.pl\/index.php?rest_route=\/wp\/v2\/pages\/277","targetHints":{"allow":["GET"]}}],"collection":[{"href":"https:\/\/wtz81.pl\/index.php?rest_route=\/wp\/v2\/pages"}],"about":[{"href":"https:\/\/wtz81.pl\/index.php?rest_route=\/wp\/v2\/types\/page"}],"author":[{"embeddable":true,"href":"https:\/\/wtz81.pl\/index.php?rest_route=\/wp\/v2\/users\/1"}],"replies":[{"embeddable":true,"href":"https:\/\/wtz81.pl\/index.php?rest_route=%2Fwp%2Fv2%2Fcomments&post=277"}],"version-history":[{"count":0,"href":"https:\/\/wtz81.pl\/index.php?rest_route=\/wp\/v2\/pages\/277\/revisions"}],"wp:attachment":[{"href":"https:\/\/wtz81.pl\/index.php?rest_route=%2Fwp%2Fv2%2Fmedia&parent=277"}],"curies":[{"name":"wp","href":"https:\/\/api.w.org\/{rel}","templated":true}]}}