{"id":300,"date":"2022-02-17T20:28:38","date_gmt":"2022-02-17T19:28:38","guid":{"rendered":"https:\/\/wtz81.pl\/?page_id=300"},"modified":"2022-07-21T14:04:05","modified_gmt":"2022-07-21T12:04:05","slug":"pracownia-umiejetnosci-zycia-codziennego","status":"publish","type":"page","link":"https:\/\/wtz81.pl\/?page_id=300","title":{"rendered":"Pracownia umiej\u0119tno\u015bci \u017cycia codziennego i rehabilitacji spo\u0142ecznej"},"content":{"rendered":"<p>[et_pb_section fb_built=&#8221;1&#8243; _builder_version=&#8221;4.16&#8243; _module_preset=&#8221;default&#8221; global_colors_info=&#8221;{}&#8221;][et_pb_row column_structure=&#8221;3_5,2_5&#8243; make_equal=&#8221;on&#8221; _builder_version=&#8221;4.16&#8243; _module_preset=&#8221;default&#8221; max_width=&#8221;100%&#8221; global_colors_info=&#8221;{}&#8221;][et_pb_column type=&#8221;3_5&#8243; _builder_version=&#8221;4.16&#8243; _module_preset=&#8221;default&#8221; global_colors_info=&#8221;{}&#8221;][et_pb_text _builder_version=&#8221;4.17.6&#8243; _module_preset=&#8221;default&#8221; header_font=&#8221;Open Sans|800|||||||&#8221; header_text_color=&#8221;#000000&#8243; header_font_size=&#8221;46px&#8221; custom_margin=&#8221;||0px||false|false&#8221; hover_enabled=&#8221;0&#8243; global_colors_info=&#8221;{}&#8221; sticky_enabled=&#8221;0&#8243;]<\/p>\n<h1>Pracownia umiej\u0119tno\u015bci \u017cycia codziennego i rehabilitacji spo\u0142ecznej<\/h1>\n<p>[\/et_pb_text][et_pb_text _builder_version=&#8221;4.16&#8243; _module_preset=&#8221;default&#8221; text_font=&#8221;Open Sans|300|||||||&#8221; text_text_color=&#8221;#000000&#8243; text_font_size=&#8221;30px&#8221; text_line_height=&#8221;41px&#8221; width=&#8221;70%&#8221; width_tablet=&#8221;100%&#8221; width_phone=&#8221;100%&#8221; width_last_edited=&#8221;on|tablet&#8221; global_colors_info=&#8221;{}&#8221;]<\/p>\n<p>Pobudzamy rozw\u00f3j psychofizyczny naszych uczestnik\u00f3w.<\/p>\n<p>[\/et_pb_text][\/et_pb_column][et_pb_column type=&#8221;2_5&#8243; _builder_version=&#8221;4.16&#8243; _module_preset=&#8221;default&#8221; global_colors_info=&#8221;{}&#8221;][et_pb_image src=&#8221;https:\/\/wtz81.pl\/wp-content\/uploads\/2022\/03\/pracownia-umiejetnosci-spolecznych.jpg&#8221; alt=&#8221;Zdj\u0119cie z zaj\u0119\u0107 Pracowni umiej\u0119tno\u015bci spo\u0142ecznych.&#8221; title_text=&#8221;Zdj\u0119cie z zaj\u0119\u0107 Pracowni umiej\u0119tno\u015bci spo\u0142ecznych&#8221; _builder_version=&#8221;4.16&#8243; _module_preset=&#8221;default&#8221; border_width_all=&#8221;5px&#8221; border_color_all=&#8221;#E17A2F&#8221; global_colors_info=&#8221;{}&#8221;][\/et_pb_image][\/et_pb_column][\/et_pb_row][\/et_pb_section][et_pb_section fb_built=&#8221;1&#8243; _builder_version=&#8221;4.16&#8243; _module_preset=&#8221;default&#8221; background_color=&#8221;rgba(59,59,59,0.05)&#8221; locked=&#8221;off&#8221; global_colors_info=&#8221;{}&#8221;][et_pb_row _builder_version=&#8221;4.16&#8243; _module_preset=&#8221;default&#8221; hover_enabled=&#8221;0&#8243; locked=&#8221;off&#8221; global_colors_info=&#8221;{}&#8221; sticky_enabled=&#8221;0&#8243;][et_pb_column type=&#8221;4_4&#8243; _builder_version=&#8221;4.16&#8243; _module_preset=&#8221;default&#8221; global_colors_info=&#8221;{}&#8221;][et_pb_text _builder_version=&#8221;4.16&#8243; _module_preset=&#8221;default&#8221; text_font=&#8221;Open Sans||||||||&#8221; text_text_color=&#8221;#000000&#8243; text_line_height=&#8221;1.8em&#8221; width=&#8221;100%&#8221; width_tablet=&#8221;100%&#8221; width_phone=&#8221;100%&#8221; width_last_edited=&#8221;on|tablet&#8221; module_alignment=&#8221;center&#8221; global_colors_info=&#8221;{}&#8221;]<\/p>\n<p>Pracownia umiej\u0119tno\u015bci \u017cycia codziennego i rehabilitacji spo\u0142ecznej to miejsce, kt\u00f3rego celem jest dbanie o rozw\u00f3j psychofizyczny uczestnik\u00f3w. Prowadzone s\u0105 zaj\u0119cia doskonal\u0105ce ju\u017c znane techniki pracy jak i dzia\u0142ania wspomagaj\u0105ce popraw\u0119 funkcji poznawczych, nauk\u0119 efektywnej komunikacji, radzenia sobie z napi\u0119ciem i stresem w trudnych sytuacjach, zaj\u0119cia nad rozumieniem i rozpoznawaniem swoich emocji, aktywnego s\u0142uchania, odpowiedniego reagowania na trudne sytuacje, wspieranie w\u0142a\u015bciwych postaw obywatelskich. \u00a0Zaj\u0119cia w pracowni nakierowane s\u0105 na przygotowanie uczestnik\u00f3w do jak najbardziej samodzielnego, \u015bwiadomego i aktywnego \u017cycia w spo\u0142ecze\u0144stwie oraz na zwi\u0119kszeniu odpowiedzialno\u015bci i zaradno\u015bci \u017cyciowej poprzez czytanie r\u00f3\u017cnych tekst\u00f3w terapeutycznych, ogl\u0105danie i analizowanie film\u00f3w, uczenie si\u0119 siebie \u00a0nawzajem poprzez r\u00f3\u017cnego rodzaju gry i zabawy edukacyjne.<\/p>\n<p>Jednym z wa\u017cnych element\u00f3w zaj\u0119\u0107 w pracowni umiej\u0119tno\u015bci spo\u0142ecznych s\u0105 zaj\u0119cia z fizjoterapeut\u0105. W ramach zaj\u0119\u0107 z fizjoterapii prowadzone s\u0105 \u0107wiczenia ruchowe, og\u00f3lno-usprawniaj\u0105ce, manualne, koordynacyjne, gry i zabawy ruchowe, integracyjne, organizowane s\u0105 wycieczki, spacery. <br \/>W ramach pracy w pracowni uczymy r\u00f3wnie\u017c podstawowych zasad udzielania pierwszej pomocy, zdrowego stylu \u017cycia, motywujemy do aktywnego wykorzystania czasu wolnego, wspierane jest czytelnictwo poprzez prowadzenie\u00a0 biblioteczki warsztatowej.<\/p>\n<p>[\/et_pb_text][\/et_pb_column][\/et_pb_row][\/et_pb_section]<\/p>\n","protected":false},"excerpt":{"rendered":"<p>Pracownia umiej\u0119tno\u015bci \u017cycia codziennego i rehabilitacji spo\u0142ecznejPobudzamy rozw\u00f3j psychofizyczny naszych uczestnik\u00f3w.Pracownia umiej\u0119tno\u015bci \u017cycia codziennego i rehabilitacji spo\u0142ecznej to miejsce, kt\u00f3rego celem jest dbanie o rozw\u00f3j psychofizyczny uczestnik\u00f3w. Prowadzone s\u0105 zaj\u0119cia doskonal\u0105ce ju\u017c znane techniki pracy jak i dzia\u0142ania wspomagaj\u0105ce popraw\u0119 funkcji poznawczych, nauk\u0119 efektywnej komunikacji, radzenia sobie z napi\u0119ciem i stresem w trudnych sytuacjach, zaj\u0119cia [&hellip;]<\/p>\n","protected":false},"author":1,"featured_media":0,"parent":0,"menu_order":0,"comment_status":"closed","ping_status":"closed","template":"","meta":{"_et_pb_use_builder":"on","_et_pb_old_content":"","_et_gb_content_width":"","footnotes":""},"class_list":["post-300","page","type-page","status-publish","hentry"],"_links":{"self":[{"href":"https:\/\/wtz81.pl\/index.php?rest_route=\/wp\/v2\/pages\/300","targetHints":{"allow":["GET"]}}],"collection":[{"href":"https:\/\/wtz81.pl\/index.php?rest_route=\/wp\/v2\/pages"}],"about":[{"href":"https:\/\/wtz81.pl\/index.php?rest_route=\/wp\/v2\/types\/page"}],"author":[{"embeddable":true,"href":"https:\/\/wtz81.pl\/index.php?rest_route=\/wp\/v2\/users\/1"}],"replies":[{"embeddable":true,"href":"https:\/\/wtz81.pl\/index.php?rest_route=%2Fwp%2Fv2%2Fcomments&post=300"}],"version-history":[{"count":2,"href":"https:\/\/wtz81.pl\/index.php?rest_route=\/wp\/v2\/pages\/300\/revisions"}],"predecessor-version":[{"id":596,"href":"https:\/\/wtz81.pl\/index.php?rest_route=\/wp\/v2\/pages\/300\/revisions\/596"}],"wp:attachment":[{"href":"https:\/\/wtz81.pl\/index.php?rest_route=%2Fwp%2Fv2%2Fmedia&parent=300"}],"curies":[{"name":"wp","href":"https:\/\/api.w.org\/{rel}","templated":true}]}}