{"id":308,"date":"2022-02-17T20:38:53","date_gmt":"2022-02-17T19:38:53","guid":{"rendered":"https:\/\/wtz81.pl\/?page_id=308"},"modified":"2022-07-21T13:52:32","modified_gmt":"2022-07-21T11:52:32","slug":"pracownie","status":"publish","type":"page","link":"https:\/\/wtz81.pl\/?page_id=308","title":{"rendered":"Pracownie"},"content":{"rendered":"<p>[et_pb_section fb_built=&#8221;1&#8243; _builder_version=&#8221;4.16&#8243; _module_preset=&#8221;default&#8221; global_colors_info=&#8221;{}&#8221;][et_pb_row column_structure=&#8221;3_5,2_5&#8243; make_equal=&#8221;on&#8221; _builder_version=&#8221;4.16&#8243; _module_preset=&#8221;default&#8221; max_width=&#8221;100%&#8221; global_colors_info=&#8221;{}&#8221;][et_pb_column type=&#8221;3_5&#8243; _builder_version=&#8221;4.16&#8243; _module_preset=&#8221;default&#8221; global_colors_info=&#8221;{}&#8221;][et_pb_text _builder_version=&#8221;4.16&#8243; _module_preset=&#8221;default&#8221; header_font=&#8221;Open Sans|800|||||||&#8221; header_text_color=&#8221;#000000&#8243; header_font_size=&#8221;46px&#8221; custom_margin=&#8221;||0px||false|false&#8221; global_colors_info=&#8221;{}&#8221;]<\/p>\n<h1>Pracownie<\/h1>\n<p>[\/et_pb_text][et_pb_text _builder_version=&#8221;4.16&#8243; _module_preset=&#8221;default&#8221; text_font=&#8221;Open Sans|300|||||||&#8221; text_text_color=&#8221;#000000&#8243; text_font_size=&#8221;30px&#8221; text_line_height=&#8221;41px&#8221; width=&#8221;70%&#8221; width_tablet=&#8221;100%&#8221; width_phone=&#8221;100%&#8221; width_last_edited=&#8221;on|tablet&#8221; locked=&#8221;off&#8221; global_colors_info=&#8221;{}&#8221;]<\/p>\n<p>Zapraszamy do zapoznania si\u0119 z naszymi pracowniami.<\/p>\n<p>[\/et_pb_text][\/et_pb_column][et_pb_column type=&#8221;2_5&#8243; _builder_version=&#8221;4.16&#8243; _module_preset=&#8221;default&#8221; global_colors_info=&#8221;{}&#8221;][et_pb_image src=&#8221;https:\/\/wtz81.pl\/wp-content\/uploads\/2022\/02\/grafika-pracownie.jpg&#8221; alt=&#8221;Zdj\u0119cie notesu pracowni WTZ.&#8221; title_text=&#8221;Zdj\u0119cie notesu pracowni WTZ&#8221; _builder_version=&#8221;4.16&#8243; _module_preset=&#8221;default&#8221; global_colors_info=&#8221;{}&#8221;][\/et_pb_image][\/et_pb_column][\/et_pb_row][\/et_pb_section][et_pb_section fb_built=&#8221;1&#8243; _builder_version=&#8221;4.16&#8243; _module_preset=&#8221;default&#8221; background_enable_color=&#8221;off&#8221; locked=&#8221;off&#8221; global_colors_info=&#8221;{}&#8221;][et_pb_row column_structure=&#8221;1_2,1_2&#8243; make_equal=&#8221;on&#8221; _builder_version=&#8221;4.16&#8243; _module_preset=&#8221;default&#8221; max_width=&#8221;100%&#8221; global_colors_info=&#8221;{}&#8221;][et_pb_column type=&#8221;1_2&#8243; _builder_version=&#8221;4.16&#8243; _module_preset=&#8221;default&#8221; global_colors_info=&#8221;{}&#8221;][et_pb_blurb title=&#8221;Pracownia umiej\u0119tno\u015bci \u017cycia codziennego i rehabilitacji spo\u0142ecznej&#8221; url=&#8221;@ET-DC@eyJkeW5hbWljIjp0cnVlLCJjb250ZW50IjoicG9zdF9saW5rX3VybF9wYWdlIiwic2V0dGluZ3MiOnsicG9zdF9pZCI6IjMwMCJ9fQ==@&#8221; use_icon=&#8221;on&#8221; font_icon=&#8221;&#x77;||divi||400&#8243; icon_placement=&#8221;left&#8221; _builder_version=&#8221;4.16&#8243; _dynamic_attributes=&#8221;url&#8221; _module_preset=&#8221;default&#8221; header_font=&#8221;Open Sans|600|||||||&#8221; body_font=&#8221;Open Sans||||||||&#8221; body_text_color=&#8221;#000000&#8243; body_line_height=&#8221;1.8em&#8221; background_color=&#8221;rgba(59,59,59,0.05)&#8221; width=&#8221;70%&#8221; width_tablet=&#8221;100%&#8221; width_phone=&#8221;&#8221; width_last_edited=&#8221;on|phone&#8221; module_alignment=&#8221;center&#8221; custom_padding=&#8221;20px|20px|20px|20px|true|true&#8221; global_colors_info=&#8221;{}&#8221;]<\/p>\n<p>Pobudzamy rozw\u00f3j psychofizyczny naszych uczestnik\u00f3w.<\/p>\n<p>[\/et_pb_blurb][et_pb_blurb title=&#8221;Pracownia gastronomiczna&#8221; url=&#8221;@ET-DC@eyJkeW5hbWljIjp0cnVlLCJjb250ZW50IjoicG9zdF9saW5rX3VybF9wYWdlIiwic2V0dGluZ3MiOnsicG9zdF9pZCI6IjM3MSJ9fQ==@&#8221; use_icon=&#8221;on&#8221; font_icon=&#8221;&#xe074;||divi||400&#8243; icon_placement=&#8221;left&#8221; _builder_version=&#8221;4.16&#8243; _dynamic_attributes=&#8221;url&#8221; _module_preset=&#8221;default&#8221; header_font=&#8221;Open Sans|600|||||||&#8221; body_font=&#8221;Open Sans||||||||&#8221; body_text_color=&#8221;#000000&#8243; body_line_height=&#8221;1.8em&#8221; background_color=&#8221;rgba(59,59,59,0.05)&#8221; width=&#8221;70%&#8221; width_tablet=&#8221;100%&#8221; width_phone=&#8221;&#8221; width_last_edited=&#8221;on|phone&#8221; module_alignment=&#8221;center&#8221; custom_padding=&#8221;20px|20px|20px|20px|true|true&#8221; global_colors_info=&#8221;{}&#8221;]<\/p>\n<p>Uczymy umiej\u0119tno\u015bci potrzebnych do samodzielnego funkcjonowania w \u017cyciu codziennym.<\/p>\n<p>[\/et_pb_blurb][et_pb_blurb title=&#8221;Pracownia wzornictwa i sztuki u\u017cytkowej&#8221; url=&#8221;@ET-DC@eyJkeW5hbWljIjp0cnVlLCJjb250ZW50IjoicG9zdF9saW5rX3VybF9wYWdlIiwic2V0dGluZ3MiOnsicG9zdF9pZCI6IjMxNCJ9fQ==@&#8221; use_icon=&#8221;on&#8221; font_icon=&#8221;&#xf1fc;||fa||900&#8243; icon_placement=&#8221;left&#8221; _builder_version=&#8221;4.16&#8243; _dynamic_attributes=&#8221;url&#8221; _module_preset=&#8221;default&#8221; header_font=&#8221;Open Sans|600|||||||&#8221; body_font=&#8221;Open Sans||||||||&#8221; body_text_color=&#8221;#000000&#8243; body_line_height=&#8221;1.8em&#8221; background_color=&#8221;rgba(59,59,59,0.05)&#8221; width=&#8221;70%&#8221; width_tablet=&#8221;100%&#8221; width_phone=&#8221;&#8221; width_last_edited=&#8221;on|phone&#8221; module_alignment=&#8221;center&#8221; custom_padding=&#8221;20px|20px|20px|20px|true|true&#8221; global_colors_info=&#8221;{}&#8221;]<\/p>\n<p>Rozwijamy i doskonalmy r\u00f3\u017cnorodne dziedziny tw\u00f3rczo\u015bci poprzez sztuk\u0119.<\/p>\n<p>[\/et_pb_blurb][et_pb_blurb title=&#8221;Pracownia marketingu i reklamy&#8221; url=&#8221;@ET-DC@eyJkeW5hbWljIjp0cnVlLCJjb250ZW50IjoicG9zdF9saW5rX3VybF9wYWdlIiwic2V0dGluZ3MiOnsicG9zdF9pZCI6IjM4MyJ9fQ==@&#8221; use_icon=&#8221;on&#8221; font_icon=&#8221;&#xe0ed;||divi||400&#8243; icon_placement=&#8221;left&#8221; _builder_version=&#8221;4.16&#8243; _dynamic_attributes=&#8221;url&#8221; _module_preset=&#8221;default&#8221; header_font=&#8221;Open Sans|600|||||||&#8221; body_font=&#8221;Open Sans||||||||&#8221; body_text_color=&#8221;#000000&#8243; body_line_height=&#8221;1.8em&#8221; background_color=&#8221;rgba(59,59,59,0.05)&#8221; width=&#8221;70%&#8221; width_tablet=&#8221;100%&#8221; width_phone=&#8221;&#8221; width_last_edited=&#8221;on|phone&#8221; module_alignment=&#8221;center&#8221; custom_padding=&#8221;20px|20px|20px|20px|true|true&#8221; global_colors_info=&#8221;{}&#8221;]<\/p>\n<p>Uczymy podstaw promocji i reklamy oraz praktycznych umiej\u0119tno\u015bci spo\u0142ecznych i zawodowych.<\/p>\n<p>[\/et_pb_blurb][\/et_pb_column][et_pb_column type=&#8221;1_2&#8243; _builder_version=&#8221;4.16&#8243; _module_preset=&#8221;default&#8221; global_colors_info=&#8221;{}&#8221;][et_pb_blurb title=&#8221;Pracownia rzemios\u0142a artystycznego z elementami krawiectwa&#8221; url=&#8221;@ET-DC@eyJkeW5hbWljIjp0cnVlLCJjb250ZW50IjoicG9zdF9saW5rX3VybF9wYWdlIiwic2V0dGluZ3MiOnsicG9zdF9pZCI6IjM5NCJ9fQ==@&#8221; use_icon=&#8221;on&#8221; font_icon=&#8221;&#xf55d;||fa||900&#8243; icon_placement=&#8221;left&#8221; _builder_version=&#8221;4.17.6&#8243; _dynamic_attributes=&#8221;url&#8221; _module_preset=&#8221;default&#8221; header_font=&#8221;Open Sans|600|||||||&#8221; body_font=&#8221;Open Sans||||||||&#8221; body_text_color=&#8221;#000000&#8243; body_line_height=&#8221;1.8em&#8221; background_color=&#8221;rgba(59,59,59,0.05)&#8221; width=&#8221;70%&#8221; width_tablet=&#8221;100%&#8221; width_phone=&#8221;&#8221; width_last_edited=&#8221;on|phone&#8221; module_alignment=&#8221;center&#8221; custom_padding=&#8221;20px|20px|20px|20px|true|true&#8221; global_colors_info=&#8221;{}&#8221;]<\/p>\n<p>Poprzez ergoterapi\u0119 uczymy cierpliwo\u015bci, dok\u0142adno\u015bci oraz wyzwalamy ukryte talenty.<\/p>\n<p>[\/et_pb_blurb][et_pb_blurb title=&#8221;Pracownia stolarsko &#8211; konserwatorska&#8221; url=&#8221;@ET-DC@eyJkeW5hbWljIjp0cnVlLCJjb250ZW50IjoicG9zdF9saW5rX3VybF9wYWdlIiwic2V0dGluZ3MiOnsicG9zdF9pZCI6IjQwMiJ9fQ==@&#8221; use_icon=&#8221;on&#8221; font_icon=&#8221;&#xf5ae;||fa||900&#8243; icon_placement=&#8221;left&#8221; _builder_version=&#8221;4.16&#8243; _dynamic_attributes=&#8221;url&#8221; _module_preset=&#8221;default&#8221; header_font=&#8221;Open Sans|600|||||||&#8221; body_font=&#8221;Open Sans||||||||&#8221; body_text_color=&#8221;#000000&#8243; body_line_height=&#8221;1.8em&#8221; background_color=&#8221;rgba(59,59,59,0.05)&#8221; width=&#8221;70%&#8221; width_tablet=&#8221;100%&#8221; width_phone=&#8221;&#8221; width_last_edited=&#8221;on|phone&#8221; module_alignment=&#8221;center&#8221; custom_padding=&#8221;20px|20px|20px|20px|true|true&#8221; global_colors_info=&#8221;{}&#8221;]<\/p>\n<p>Uczymy obr\u00f3bki drewna i obs\u0142ugi elektronarz\u0119dzi oraz wykonujemy prace konserwatorskie.<\/p>\n<p>[\/et_pb_blurb][et_pb_blurb title=&#8221;Pracownia komputerowa i urz\u0105dze\u0144 biurowych&#8221; url=&#8221;@ET-DC@eyJkeW5hbWljIjp0cnVlLCJjb250ZW50IjoicG9zdF9saW5rX3VybF9wYWdlIiwic2V0dGluZ3MiOnsicG9zdF9pZCI6IjQxNyJ9fQ==@&#8221; use_icon=&#8221;on&#8221; font_icon=&#8221;&#xe00d;||divi||400&#8243; icon_placement=&#8221;left&#8221; _builder_version=&#8221;4.16&#8243; _dynamic_attributes=&#8221;url&#8221; _module_preset=&#8221;default&#8221; header_font=&#8221;Open Sans|600|||||||&#8221; body_font=&#8221;Open Sans||||||||&#8221; body_text_color=&#8221;#000000&#8243; body_line_height=&#8221;1.8em&#8221; background_color=&#8221;rgba(59,59,59,0.05)&#8221; width=&#8221;70%&#8221; width_tablet=&#8221;100%&#8221; width_phone=&#8221;&#8221; width_last_edited=&#8221;on|phone&#8221; module_alignment=&#8221;center&#8221; custom_padding=&#8221;20px|20px|20px|20px|true|true&#8221; global_colors_info=&#8221;{}&#8221;]<\/p>\n<p>Pog\u0142\u0119biamy i utrwalamy podstawowych umiej\u0119tno\u015bci pracy przy komputerze.<\/p>\n<p>[\/et_pb_blurb][\/et_pb_column][\/et_pb_row][\/et_pb_section][et_pb_section fb_built=&#8221;1&#8243; _builder_version=&#8221;4.16&#8243; _module_preset=&#8221;default&#8221; background_color=&#8221;rgba(59,59,59,0.05)&#8221; locked=&#8221;off&#8221; global_colors_info=&#8221;{}&#8221;][et_pb_row _builder_version=&#8221;4.16&#8243; _module_preset=&#8221;default&#8221; locked=&#8221;off&#8221; global_colors_info=&#8221;{}&#8221;][et_pb_column type=&#8221;4_4&#8243; _builder_version=&#8221;4.16&#8243; _module_preset=&#8221;default&#8221; global_colors_info=&#8221;{}&#8221;][et_pb_text _builder_version=&#8221;4.16.0&#8243; _module_preset=&#8221;default&#8221; text_font=&#8221;Open Sans||||||||&#8221; text_text_color=&#8221;#000000&#8243; text_line_height=&#8221;1.8em&#8221; header_2_font=&#8221;Open Sans|700|||||||&#8221; header_2_line_height=&#8221;1.4em&#8221; width=&#8221;100%&#8221; width_tablet=&#8221;100%&#8221; width_phone=&#8221;100%&#8221; width_last_edited=&#8221;on|tablet&#8221; module_alignment=&#8221;center&#8221; global_colors_info=&#8221;{}&#8221;]<\/p>\n<p>W ka\u017cdej pracowni nasi podopieczni bior\u0105 udzia\u0142 w treningu interpersonalnym, rozwijaj\u0105 swoje zainteresowania, nabywaj\u0105 umiej\u0119tno\u015bci spo\u0142eczne i zawodowe, przygotowuj\u0105 si\u0119 do podj\u0119cia pracy. Zaj\u0119cia s\u0105 atrakcyjne, a ich charakter jest bardzo zr\u00f3\u017cnicowany.<\/p>\n<p><strong>W naszym Warsztacie ka\u017cdy znajdzie co\u015b dla siebie!<\/strong><\/p>\n<p>[\/et_pb_text][\/et_pb_column][\/et_pb_row][\/et_pb_section]<\/p>\n","protected":false},"excerpt":{"rendered":"<p>PracownieZapraszamy do zapoznania si\u0119 z naszymi pracowniami.Pobudzamy rozw\u00f3j psychofizyczny naszych uczestnik\u00f3w.Uczymy umiej\u0119tno\u015bci potrzebnych do samodzielnego funkcjonowania w \u017cyciu codziennym.Rozwijamy i doskonalmy r\u00f3\u017cnorodne dziedziny tw\u00f3rczo\u015bci poprzez sztuk\u0119.Uczymy podstaw promocji i reklamy oraz praktycznych umiej\u0119tno\u015bci spo\u0142ecznych i zawodowych.Poprzez ergoterapi\u0119 uczymy cierpliwo\u015bci, dok\u0142adno\u015bci oraz wyzwalamy ukryte talenty.Uczymy obr\u00f3bki drewna i obs\u0142ugi elektronarz\u0119dzi oraz wykonujemy prace konserwatorskie.Pog\u0142\u0119biamy i utrwalamy [&hellip;]<\/p>\n","protected":false},"author":1,"featured_media":0,"parent":0,"menu_order":0,"comment_status":"closed","ping_status":"closed","template":"","meta":{"_et_pb_use_builder":"on","_et_pb_old_content":"","_et_gb_content_width":"","footnotes":""},"class_list":["post-308","page","type-page","status-publish","hentry"],"_links":{"self":[{"href":"https:\/\/wtz81.pl\/index.php?rest_route=\/wp\/v2\/pages\/308","targetHints":{"allow":["GET"]}}],"collection":[{"href":"https:\/\/wtz81.pl\/index.php?rest_route=\/wp\/v2\/pages"}],"about":[{"href":"https:\/\/wtz81.pl\/index.php?rest_route=\/wp\/v2\/types\/page"}],"author":[{"embeddable":true,"href":"https:\/\/wtz81.pl\/index.php?rest_route=\/wp\/v2\/users\/1"}],"replies":[{"embeddable":true,"href":"https:\/\/wtz81.pl\/index.php?rest_route=%2Fwp%2Fv2%2Fcomments&post=308"}],"version-history":[{"count":4,"href":"https:\/\/wtz81.pl\/index.php?rest_route=\/wp\/v2\/pages\/308\/revisions"}],"predecessor-version":[{"id":586,"href":"https:\/\/wtz81.pl\/index.php?rest_route=\/wp\/v2\/pages\/308\/revisions\/586"}],"wp:attachment":[{"href":"https:\/\/wtz81.pl\/index.php?rest_route=%2Fwp%2Fv2%2Fmedia&parent=308"}],"curies":[{"name":"wp","href":"https:\/\/api.w.org\/{rel}","templated":true}]}}