{"id":314,"date":"2022-02-17T20:42:35","date_gmt":"2022-02-17T19:42:35","guid":{"rendered":"https:\/\/wtz81.pl\/?page_id=314"},"modified":"2022-07-21T13:57:21","modified_gmt":"2022-07-21T11:57:21","slug":"pracownia-wzornictwa","status":"publish","type":"page","link":"https:\/\/wtz81.pl\/?page_id=314","title":{"rendered":"Pracownia wzornictwa i sztuki u\u017cytkowej"},"content":{"rendered":"<p>[et_pb_section fb_built=&#8221;1&#8243; _builder_version=&#8221;4.16&#8243; _module_preset=&#8221;default&#8221; global_colors_info=&#8221;{}&#8221;][et_pb_row column_structure=&#8221;3_5,2_5&#8243; make_equal=&#8221;on&#8221; _builder_version=&#8221;4.16&#8243; _module_preset=&#8221;default&#8221; max_width=&#8221;100%&#8221; global_colors_info=&#8221;{}&#8221;][et_pb_column type=&#8221;3_5&#8243; _builder_version=&#8221;4.16&#8243; _module_preset=&#8221;default&#8221; global_colors_info=&#8221;{}&#8221;][et_pb_text _builder_version=&#8221;4.16&#8243; _module_preset=&#8221;default&#8221; header_font=&#8221;Open Sans|800|||||||&#8221; header_text_color=&#8221;#000000&#8243; header_font_size=&#8221;46px&#8221; custom_margin=&#8221;||0px||false|false&#8221; global_colors_info=&#8221;{}&#8221;]<\/p>\n<h1>Pracownia wzornictwa i sztuki u\u017cytkowej<\/h1>\n<p>[\/et_pb_text][et_pb_text _builder_version=&#8221;4.16&#8243; _module_preset=&#8221;default&#8221; text_font=&#8221;Open Sans|300|||||||&#8221; text_text_color=&#8221;#000000&#8243; text_font_size=&#8221;30px&#8221; text_line_height=&#8221;41px&#8221; width=&#8221;70%&#8221; width_tablet=&#8221;100%&#8221; width_phone=&#8221;100%&#8221; width_last_edited=&#8221;on|tablet&#8221; global_colors_info=&#8221;{}&#8221;]<\/p>\n<p>Rozwijamy i doskonalmy r\u00f3\u017cnorodne dziedziny tw\u00f3rczo\u015bci poprzez sztuk\u0119.<\/p>\n<p>[\/et_pb_text][\/et_pb_column][et_pb_column type=&#8221;2_5&#8243; _builder_version=&#8221;4.16&#8243; _module_preset=&#8221;default&#8221; global_colors_info=&#8221;{}&#8221;][et_pb_image src=&#8221;https:\/\/wtz81.pl\/wp-content\/uploads\/2022\/03\/pracownia-artystyczna.jpg&#8221; alt=&#8221;Zdj\u0119cie z zaj\u0119\u0107 &#8211; Pracownia artystyczna.&#8221; title_text=&#8221;Zdj\u0119cie z zaj\u0119\u0107 &#8211; Pracownia artystyczna&#8221; _builder_version=&#8221;4.16&#8243; _module_preset=&#8221;default&#8221; border_width_all=&#8221;5px&#8221; border_color_all=&#8221;#E17A2F&#8221; global_colors_info=&#8221;{}&#8221;][\/et_pb_image][\/et_pb_column][\/et_pb_row][\/et_pb_section][et_pb_section fb_built=&#8221;1&#8243; _builder_version=&#8221;4.16&#8243; _module_preset=&#8221;default&#8221; background_color=&#8221;rgba(59,59,59,0.05)&#8221; locked=&#8221;off&#8221; global_colors_info=&#8221;{}&#8221;][et_pb_row _builder_version=&#8221;4.16&#8243; _module_preset=&#8221;default&#8221; locked=&#8221;off&#8221; global_colors_info=&#8221;{}&#8221;][et_pb_column type=&#8221;4_4&#8243; _builder_version=&#8221;4.16&#8243; _module_preset=&#8221;default&#8221; global_colors_info=&#8221;{}&#8221;][et_pb_text _builder_version=&#8221;4.17.6&#8243; _module_preset=&#8221;default&#8221; text_font=&#8221;Open Sans||||||||&#8221; text_text_color=&#8221;#000000&#8243; text_line_height=&#8221;1.8em&#8221; width=&#8221;100%&#8221; width_tablet=&#8221;100%&#8221; width_phone=&#8221;100%&#8221; width_last_edited=&#8221;on|tablet&#8221; module_alignment=&#8221;center&#8221; hover_enabled=&#8221;0&#8243; global_colors_info=&#8221;{}&#8221; sticky_enabled=&#8221;0&#8243;]<\/p>\n<p>Prowadzona w pracowni wzornictwa i sztuki u\u017cytkowej terapia poprzez sztuk\u0119 ma na celu poznawanie, rozwijanie i doskonalenie r\u00f3\u017cnorodnych dziedzin tw\u00f3rczo\u015bci artystycznej. Obok najpopularniejszych technik malarskich i rysunkowych, uczestnicy tej pracowni maj\u0105 mo\u017cliwo\u015b\u0107 poznania r\u00f3wnie\u017c nowych form ekspresji tw\u00f3rczej.<\/p>\n<p>Tworzone s\u0105 przedmioty u\u017cytkowe i dekoracyjne. Opr\u00f3cz zaj\u0119\u0107 praktycznych prowadzone s\u0105 tak\u017ce zaj\u0119cia edukacyjne, kt\u00f3re rozwijaj\u0105 uczestnik\u00f3w z zakresu r\u00f3\u017cnorodno\u015bci sztuki, poznawanie historii sztuki i poznawaniem tw\u00f3rczo\u015bci artyst\u00f3w co wzmacnia motywacj\u0119 i inspiruje uczestnik\u00f3w zaj\u0119\u0107 do podejmowania i poszukiwania r\u00f3\u017cnych form w\u0142asnej aktywno\u015bci tw\u00f3rczej.<\/p>\n<p>[\/et_pb_text][\/et_pb_column][\/et_pb_row][\/et_pb_section]<\/p>\n","protected":false},"excerpt":{"rendered":"<p>Pracownia wzornictwa i sztuki u\u017cytkowejRozwijamy i doskonalmy r\u00f3\u017cnorodne dziedziny tw\u00f3rczo\u015bci poprzez sztuk\u0119.Prowadzona w pracowni wzornictwa i sztuki u\u017cytkowej terapia poprzez sztuk\u0119 ma na celu poznawanie, rozwijanie i doskonalenie r\u00f3\u017cnorodnych dziedzin tw\u00f3rczo\u015bci artystycznej. Obok najpopularniejszych technik malarskich i rysunkowych, uczestnicy tej pracowni maj\u0105 mo\u017cliwo\u015b\u0107 poznania r\u00f3wnie\u017c nowych form ekspresji tw\u00f3rczej. Tworzone s\u0105 przedmioty u\u017cytkowe i dekoracyjne. [&hellip;]<\/p>\n","protected":false},"author":1,"featured_media":0,"parent":0,"menu_order":0,"comment_status":"closed","ping_status":"closed","template":"","meta":{"_et_pb_use_builder":"on","_et_pb_old_content":"","_et_gb_content_width":"","footnotes":""},"class_list":["post-314","page","type-page","status-publish","hentry"],"_links":{"self":[{"href":"https:\/\/wtz81.pl\/index.php?rest_route=\/wp\/v2\/pages\/314","targetHints":{"allow":["GET"]}}],"collection":[{"href":"https:\/\/wtz81.pl\/index.php?rest_route=\/wp\/v2\/pages"}],"about":[{"href":"https:\/\/wtz81.pl\/index.php?rest_route=\/wp\/v2\/types\/page"}],"author":[{"embeddable":true,"href":"https:\/\/wtz81.pl\/index.php?rest_route=\/wp\/v2\/users\/1"}],"replies":[{"embeddable":true,"href":"https:\/\/wtz81.pl\/index.php?rest_route=%2Fwp%2Fv2%2Fcomments&post=314"}],"version-history":[{"count":2,"href":"https:\/\/wtz81.pl\/index.php?rest_route=\/wp\/v2\/pages\/314\/revisions"}],"predecessor-version":[{"id":588,"href":"https:\/\/wtz81.pl\/index.php?rest_route=\/wp\/v2\/pages\/314\/revisions\/588"}],"wp:attachment":[{"href":"https:\/\/wtz81.pl\/index.php?rest_route=%2Fwp%2Fv2%2Fmedia&parent=314"}],"curies":[{"name":"wp","href":"https:\/\/api.w.org\/{rel}","templated":true}]}}