{"id":371,"date":"2022-03-24T18:05:56","date_gmt":"2022-03-24T17:05:56","guid":{"rendered":"https:\/\/wtz81.pl\/?page_id=371"},"modified":"2022-07-21T13:58:35","modified_gmt":"2022-07-21T11:58:35","slug":"pracownia-gastronomiczna","status":"publish","type":"page","link":"https:\/\/wtz81.pl\/?page_id=371","title":{"rendered":"Pracownia gastronomiczna"},"content":{"rendered":"<p>[et_pb_section fb_built=&#8221;1&#8243; _builder_version=&#8221;4.16&#8243; _module_preset=&#8221;default&#8221; global_colors_info=&#8221;{}&#8221;][et_pb_row column_structure=&#8221;3_5,2_5&#8243; make_equal=&#8221;on&#8221; _builder_version=&#8221;4.16&#8243; _module_preset=&#8221;default&#8221; max_width=&#8221;100%&#8221; global_colors_info=&#8221;{}&#8221;][et_pb_column type=&#8221;3_5&#8243; _builder_version=&#8221;4.16&#8243; _module_preset=&#8221;default&#8221; global_colors_info=&#8221;{}&#8221;][et_pb_text _builder_version=&#8221;4.16&#8243; _module_preset=&#8221;default&#8221; header_font=&#8221;Open Sans|800|||||||&#8221; header_text_color=&#8221;#000000&#8243; header_font_size=&#8221;46px&#8221; custom_margin=&#8221;||0px||false|false&#8221; global_colors_info=&#8221;{}&#8221;]<\/p>\n<h1>Pracownia gastronomiczna<\/h1>\n<p>[\/et_pb_text][et_pb_text _builder_version=&#8221;4.16&#8243; _module_preset=&#8221;default&#8221; text_font=&#8221;Open Sans|300|||||||&#8221; text_text_color=&#8221;#000000&#8243; text_font_size=&#8221;30px&#8221; text_line_height=&#8221;41px&#8221; width=&#8221;70%&#8221; width_tablet=&#8221;100%&#8221; width_phone=&#8221;100%&#8221; width_last_edited=&#8221;on|tablet&#8221; global_colors_info=&#8221;{}&#8221;]<\/p>\n<p>Uczymy umiej\u0119tno\u015bci potrzebnych do samodzielnego funkcjonowania w \u017cyciu codziennym.<\/p>\n<p>[\/et_pb_text][\/et_pb_column][et_pb_column type=&#8221;2_5&#8243; _builder_version=&#8221;4.16&#8243; _module_preset=&#8221;default&#8221; global_colors_info=&#8221;{}&#8221;][et_pb_image src=&#8221;https:\/\/wtz81.pl\/wp-content\/uploads\/2022\/03\/pracownia-gospodarstwa-domowego.jpg&#8221; alt=&#8221;Zdj\u0119cie z zaj\u0119\u0107 Pracowni gospodarstwa domowego.&#8221; title_text=&#8221;Zdj\u0119cie z zaj\u0119\u0107 Pracowni gospodarstwa domowego&#8221; _builder_version=&#8221;4.16&#8243; _module_preset=&#8221;default&#8221; border_width_all=&#8221;5px&#8221; border_color_all=&#8221;#E17A2F&#8221; global_colors_info=&#8221;{}&#8221;][\/et_pb_image][\/et_pb_column][\/et_pb_row][\/et_pb_section][et_pb_section fb_built=&#8221;1&#8243; _builder_version=&#8221;4.16&#8243; _module_preset=&#8221;default&#8221; background_color=&#8221;rgba(59,59,59,0.05)&#8221; locked=&#8221;off&#8221; global_colors_info=&#8221;{}&#8221;][et_pb_row _builder_version=&#8221;4.16&#8243; _module_preset=&#8221;default&#8221; locked=&#8221;off&#8221; global_colors_info=&#8221;{}&#8221;][et_pb_column type=&#8221;4_4&#8243; _builder_version=&#8221;4.16&#8243; _module_preset=&#8221;default&#8221; global_colors_info=&#8221;{}&#8221;][et_pb_text _builder_version=&#8221;4.16&#8243; _module_preset=&#8221;default&#8221; text_font=&#8221;Open Sans||||||||&#8221; text_text_color=&#8221;#000000&#8243; text_line_height=&#8221;1.8em&#8221; width=&#8221;100%&#8221; width_tablet=&#8221;100%&#8221; width_phone=&#8221;100%&#8221; width_last_edited=&#8221;on|tablet&#8221; module_alignment=&#8221;center&#8221; global_colors_info=&#8221;{}&#8221;]<\/p>\n<p>W ramach zaj\u0119\u0107 w pracowni uczestnicy ucz\u0105 si\u0119 zaradno\u015bci, odpowiedzialno\u015bci i pracy zespo\u0142owej oraz umiej\u0119tno\u015bci potrzebnych do samodzielnego funkcjonowania w \u017cyciu codziennym. Uczestnicy bior\u0105 czynny udzia\u0142 w planowaniu niezb\u0119dnych zakup\u00f3w, ucz\u0105 si\u0119 dysponowania \u015brodkami finansowymi oraz kszta\u0142tuj\u0105 cechy niezb\u0119dne w pracy: punktualno\u015b\u0107, cierpliwo\u015b\u0107 i odpowiedzialno\u015b\u0107.<\/p>\n<p>Podopieczni doskonal\u0105 i rozszerzaj\u0105 zdobyt\u0105 wiedz\u0119, dobieraj\u0105c odpowiednio sk\u0142adniki kulinarne, rozwijaj\u0105 smak i estetyk\u0119, tw\u00f3rczo realizuj\u0105 zaplanowane przez siebie menu. Podczas prowadzonych zaj\u0119\u0107 uczestnicy poznaj\u0105 narz\u0119dzia i sprz\u0119t AGD, przygotowuj\u0105 proste posi\u0142ki wg w\u0142asnych propozycji, poznaj\u0105 zasady zdrowego \u017cywienia oraz sposoby przechowywania \u017cywno\u015bci, poznaj\u0105 zasady BHP i higieny pracy. Uczestnicy pomagaj\u0105 przygotowywa\u0107 potrawy \u015bwi\u0105teczne, cathering na imprezy okoliczno\u015bciowe lub spotkania integracyjne na terenie warsztatu.<\/p>\n<p>Praca przebiega ma\u0142ymi krokami, ka\u017cdy w\u0142\u0105cza si\u0119 w realizacj\u0119 zadania na miar\u0119 w\u0142asnych mo\u017cliwo\u015bci. Wszelka poprawa funkcjonowania to owoc wielu powt\u00f3rze\u0144 oraz \u0107wicze\u0144 i przek\u0142ada si\u0119 na radzenie sobie w \u017cyciu codziennym. Dzia\u0142anie w dobrej atmosferze, realizacja smacznych przepis\u00f3w kulinarnych jest \u017ar\u00f3d\u0142em rado\u015bci i daj\u0119 uczestnikom poczucie satysfakcji.<\/p>\n<p>[\/et_pb_text][\/et_pb_column][\/et_pb_row][\/et_pb_section]<\/p>\n","protected":false},"excerpt":{"rendered":"<p>Pracownia gastronomicznaUczymy umiej\u0119tno\u015bci potrzebnych do samodzielnego funkcjonowania w \u017cyciu codziennym.W ramach zaj\u0119\u0107 w pracowni uczestnicy ucz\u0105 si\u0119 zaradno\u015bci, odpowiedzialno\u015bci i pracy zespo\u0142owej oraz umiej\u0119tno\u015bci potrzebnych do samodzielnego funkcjonowania w \u017cyciu codziennym. Uczestnicy bior\u0105 czynny udzia\u0142 w planowaniu niezb\u0119dnych zakup\u00f3w, ucz\u0105 si\u0119 dysponowania \u015brodkami finansowymi oraz kszta\u0142tuj\u0105 cechy niezb\u0119dne w pracy: punktualno\u015b\u0107, cierpliwo\u015b\u0107 i odpowiedzialno\u015b\u0107. Podopieczni [&hellip;]<\/p>\n","protected":false},"author":1,"featured_media":0,"parent":0,"menu_order":0,"comment_status":"closed","ping_status":"closed","template":"","meta":{"_et_pb_use_builder":"on","_et_pb_old_content":"","_et_gb_content_width":"","footnotes":""},"class_list":["post-371","page","type-page","status-publish","hentry"],"_links":{"self":[{"href":"https:\/\/wtz81.pl\/index.php?rest_route=\/wp\/v2\/pages\/371","targetHints":{"allow":["GET"]}}],"collection":[{"href":"https:\/\/wtz81.pl\/index.php?rest_route=\/wp\/v2\/pages"}],"about":[{"href":"https:\/\/wtz81.pl\/index.php?rest_route=\/wp\/v2\/types\/page"}],"author":[{"embeddable":true,"href":"https:\/\/wtz81.pl\/index.php?rest_route=\/wp\/v2\/users\/1"}],"replies":[{"embeddable":true,"href":"https:\/\/wtz81.pl\/index.php?rest_route=%2Fwp%2Fv2%2Fcomments&post=371"}],"version-history":[{"count":2,"href":"https:\/\/wtz81.pl\/index.php?rest_route=\/wp\/v2\/pages\/371\/revisions"}],"predecessor-version":[{"id":590,"href":"https:\/\/wtz81.pl\/index.php?rest_route=\/wp\/v2\/pages\/371\/revisions\/590"}],"wp:attachment":[{"href":"https:\/\/wtz81.pl\/index.php?rest_route=%2Fwp%2Fv2%2Fmedia&parent=371"}],"curies":[{"name":"wp","href":"https:\/\/api.w.org\/{rel}","templated":true}]}}