{"id":383,"date":"2022-03-24T18:09:58","date_gmt":"2022-03-24T17:09:58","guid":{"rendered":"https:\/\/wtz81.pl\/?page_id=383"},"modified":"2022-03-25T13:46:19","modified_gmt":"2022-03-25T12:46:19","slug":"pracownia-marketingu-i-reklamy","status":"publish","type":"page","link":"https:\/\/wtz81.pl\/?page_id=383","title":{"rendered":"Pracownia marketingu i reklamy"},"content":{"rendered":"<p>[et_pb_section fb_built=&#8221;1&#8243; _builder_version=&#8221;4.15&#8243; _module_preset=&#8221;default&#8221; global_colors_info=&#8221;{}&#8221;][et_pb_row column_structure=&#8221;3_5,2_5&#8243; make_equal=&#8221;on&#8221; _builder_version=&#8221;4.15&#8243; _module_preset=&#8221;default&#8221; max_width=&#8221;100%&#8221; global_colors_info=&#8221;{}&#8221;][et_pb_column type=&#8221;3_5&#8243; _builder_version=&#8221;4.15&#8243; _module_preset=&#8221;default&#8221; global_colors_info=&#8221;{}&#8221;][et_pb_text _builder_version=&#8221;4.15&#8243; _module_preset=&#8221;default&#8221; header_font=&#8221;Open Sans|800|||||||&#8221; header_text_color=&#8221;#000000&#8243; header_font_size=&#8221;46px&#8221; custom_margin=&#8221;||0px||false|false&#8221; global_colors_info=&#8221;{}&#8221;]<\/p>\n<h1>Pracownia marketingu <br \/>i reklamy<\/h1>\n<p>[\/et_pb_text][et_pb_text _builder_version=&#8221;4.15.1&#8243; _module_preset=&#8221;default&#8221; text_font=&#8221;Open Sans|300|||||||&#8221; text_text_color=&#8221;#000000&#8243; text_font_size=&#8221;30px&#8221; text_line_height=&#8221;41px&#8221; width=&#8221;70%&#8221; width_tablet=&#8221;100%&#8221; width_phone=&#8221;100%&#8221; width_last_edited=&#8221;on|tablet&#8221; hover_enabled=&#8221;0&#8243; global_colors_info=&#8221;{}&#8221; sticky_enabled=&#8221;0&#8243;]<\/p>\n<p>Uczymy podstaw promocji i reklamy oraz praktycznych umiej\u0119tno\u015bci spo\u0142ecznych i zawodowych.<\/p>\n<p>[\/et_pb_text][\/et_pb_column][et_pb_column type=&#8221;2_5&#8243; _builder_version=&#8221;4.15&#8243; _module_preset=&#8221;default&#8221; global_colors_info=&#8221;{}&#8221;][et_pb_image src=&#8221;https:\/\/wtz81.pl\/wp-content\/uploads\/2022\/03\/pracownia-marketingu-i-reklamy.jpg&#8221; alt=&#8221;Zdj\u0119cie z zaj\u0119\u0107 &#8211; Pracownia marketingu i reklamy.&#8221; title_text=&#8221;Zdj\u0119cie z zaj\u0119\u0107 &#8211; Pracownia marketingu i reklamy&#8221; _builder_version=&#8221;4.15&#8243; _module_preset=&#8221;default&#8221; global_colors_info=&#8221;{}&#8221; border_width_all=&#8221;5px&#8221; border_color_all=&#8221;#E17A2F&#8221;][\/et_pb_image][\/et_pb_column][\/et_pb_row][\/et_pb_section][et_pb_section fb_built=&#8221;1&#8243; _builder_version=&#8221;4.15&#8243; _module_preset=&#8221;default&#8221; background_color=&#8221;rgba(59,59,59,0.05)&#8221; locked=&#8221;off&#8221; global_colors_info=&#8221;{}&#8221;][et_pb_row _builder_version=&#8221;4.15&#8243; _module_preset=&#8221;default&#8221; locked=&#8221;off&#8221; global_colors_info=&#8221;{}&#8221;][et_pb_column type=&#8221;4_4&#8243; _builder_version=&#8221;4.15&#8243; _module_preset=&#8221;default&#8221; global_colors_info=&#8221;{}&#8221;][et_pb_text _builder_version=&#8221;4.15.1&#8243; _module_preset=&#8221;default&#8221; text_font=&#8221;Open Sans||||||||&#8221; text_text_color=&#8221;#000000&#8243; text_line_height=&#8221;1.8em&#8221; width=&#8221;100%&#8221; width_tablet=&#8221;100%&#8221; width_phone=&#8221;100%&#8221; width_last_edited=&#8221;on|tablet&#8221; module_alignment=&#8221;center&#8221; global_colors_info=&#8221;{}&#8221;]<\/p>\n<p>W pracowni uczestnicy ucz\u0105 si\u0119 podstaw marketingu, promocji i reklamy oraz wypracowuj\u0105 pozytywne i stabilne relacje z urz\u0119dami, potencjalnymi sponsorami czy instytucjami wsp\u00f3\u0142pracuj\u0105cymi z Warsztatem Terapii Zaj\u0119ciowej. Zakres pracy ka\u017cdego podopiecznego jest planowany indywidualnie i zale\u017cy od mo\u017cliwo\u015bci oraz motywacji do nauki. W praktyce uczestnicy, po wcze\u015bniejszym przygotowywaniu potrzebnych pism czy dokument\u00f3w, samodzielnie za\u0142atwiaj\u0105 sprawy s\u0142u\u017cbowe na potrzeby ca\u0142ego Warsztatu w urz\u0119dach, w dyrekcji Stowarzyszenia, firmach itp. Uczestnicy pracowni wykonuj\u0105 r\u00f3wnie\u017c zadania praktyczne na potrzeby administracyjne WTZ i poszczeg\u00f3lnych pracowni: przepisywanie i drukowanie bie\u017c\u0105cych pism i dokument\u00f3w, wykonywanie projekt\u00f3w graficznych, a tak\u017ce wyszukuj\u0105 i drukuj\u0105 potrzebne informacje z Internetu.<\/p>\n<p>W ramach promocji Warsztatu uczestnicy pomagaj\u0105 prowadzi\u0107 warsztatowe strony internetowe oraz profile na Facebooku WTZ i turnieju Na Zielonej Murawie, a tak\u017ce nabywaj\u0105 praktyczne umiej\u0119tno\u015bci sublimacji, czyli nadruku na koszulkach, kubkach i innych. Opr\u00f3cz wszystkich praktycznych umiej\u0119tno\u015bci marketingowo-promocyjnych uczestnicy pracowni nabywaj\u0105 umiej\u0119tno\u015bci spo\u0142eczne i zawodowe, umiej\u0119tno\u015bci przedstawiania swoich propozycji i potrzeb, poznaj\u0105 techniki negocjacji, nabywaj\u0105 odwag\u0119 i odporno\u015b\u0107 na stres, determinacj\u0119 i wytrwa\u0142o\u015b\u0107 w dzia\u0142aniu, ucz\u0105 si\u0119 asertywno\u015bci, kompetencji spo\u0142ecznych, czy jak radzi\u0107 sobie z niepowodzeniami i pora\u017ckami.<\/p>\n<p>[\/et_pb_text][\/et_pb_column][\/et_pb_row][\/et_pb_section]<\/p>\n","protected":false},"excerpt":{"rendered":"<p>Pracownia marketingu i reklamyUczymy podstaw promocji i reklamy oraz praktycznych umiej\u0119tno\u015bci spo\u0142ecznych i zawodowych.W pracowni uczestnicy ucz\u0105 si\u0119 podstaw marketingu, promocji i reklamy oraz wypracowuj\u0105 pozytywne i stabilne relacje z urz\u0119dami, potencjalnymi sponsorami czy instytucjami wsp\u00f3\u0142pracuj\u0105cymi z Warsztatem Terapii Zaj\u0119ciowej. Zakres pracy ka\u017cdego podopiecznego jest planowany indywidualnie i zale\u017cy od mo\u017cliwo\u015bci oraz motywacji do nauki. [&hellip;]<\/p>\n","protected":false},"author":1,"featured_media":0,"parent":0,"menu_order":0,"comment_status":"closed","ping_status":"closed","template":"","meta":{"_et_pb_use_builder":"on","_et_pb_old_content":"","_et_gb_content_width":"","footnotes":""},"class_list":["post-383","page","type-page","status-publish","hentry"],"_links":{"self":[{"href":"https:\/\/wtz81.pl\/index.php?rest_route=\/wp\/v2\/pages\/383","targetHints":{"allow":["GET"]}}],"collection":[{"href":"https:\/\/wtz81.pl\/index.php?rest_route=\/wp\/v2\/pages"}],"about":[{"href":"https:\/\/wtz81.pl\/index.php?rest_route=\/wp\/v2\/types\/page"}],"author":[{"embeddable":true,"href":"https:\/\/wtz81.pl\/index.php?rest_route=\/wp\/v2\/users\/1"}],"replies":[{"embeddable":true,"href":"https:\/\/wtz81.pl\/index.php?rest_route=%2Fwp%2Fv2%2Fcomments&post=383"}],"version-history":[{"count":0,"href":"https:\/\/wtz81.pl\/index.php?rest_route=\/wp\/v2\/pages\/383\/revisions"}],"wp:attachment":[{"href":"https:\/\/wtz81.pl\/index.php?rest_route=%2Fwp%2Fv2%2Fmedia&parent=383"}],"curies":[{"name":"wp","href":"https:\/\/api.w.org\/{rel}","templated":true}]}}