{"id":394,"date":"2022-03-24T18:17:54","date_gmt":"2022-03-24T17:17:54","guid":{"rendered":"https:\/\/wtz81.pl\/?page_id=394"},"modified":"2022-07-21T14:01:29","modified_gmt":"2022-07-21T12:01:29","slug":"pracownia-rzemiosla-artystycznego","status":"publish","type":"page","link":"https:\/\/wtz81.pl\/?page_id=394","title":{"rendered":"Pracownia rzemios\u0142a artystycznego z elementami krawiectwa"},"content":{"rendered":"<p>[et_pb_section fb_built=&#8221;1&#8243; _builder_version=&#8221;4.16&#8243; _module_preset=&#8221;default&#8221; global_colors_info=&#8221;{}&#8221;][et_pb_row column_structure=&#8221;3_5,2_5&#8243; make_equal=&#8221;on&#8221; _builder_version=&#8221;4.16&#8243; _module_preset=&#8221;default&#8221; max_width=&#8221;100%&#8221; global_colors_info=&#8221;{}&#8221;][et_pb_column type=&#8221;3_5&#8243; _builder_version=&#8221;4.16&#8243; _module_preset=&#8221;default&#8221; global_colors_info=&#8221;{}&#8221;][et_pb_text _builder_version=&#8221;4.17.6&#8243; _module_preset=&#8221;default&#8221; header_font=&#8221;Open Sans|800|||||||&#8221; header_text_color=&#8221;#000000&#8243; header_font_size=&#8221;46px&#8221; custom_margin=&#8221;||0px||false|false&#8221; hover_enabled=&#8221;0&#8243; global_colors_info=&#8221;{}&#8221; sticky_enabled=&#8221;0&#8243;]<\/p>\n<h1>Pracownia rzemios\u0142a artystycznego z elementami krawiectwa<\/h1>\n<p>[\/et_pb_text][et_pb_text _builder_version=&#8221;4.16&#8243; _module_preset=&#8221;default&#8221; text_font=&#8221;Open Sans|300|||||||&#8221; text_text_color=&#8221;#000000&#8243; text_font_size=&#8221;30px&#8221; text_line_height=&#8221;41px&#8221; width=&#8221;70%&#8221; width_tablet=&#8221;100%&#8221; width_phone=&#8221;100%&#8221; width_last_edited=&#8221;on|tablet&#8221; global_colors_info=&#8221;{}&#8221;]<\/p>\n<p>Poprzez ergoterapi\u0119 uczymy cierpliwo\u015bci, dok\u0142adno\u015bci oraz wyzwalamy ukryte talenty.<\/p>\n<p>[\/et_pb_text][\/et_pb_column][et_pb_column type=&#8221;2_5&#8243; _builder_version=&#8221;4.16&#8243; _module_preset=&#8221;default&#8221; global_colors_info=&#8221;{}&#8221;][et_pb_image src=&#8221;https:\/\/wtz81.pl\/wp-content\/uploads\/2022\/03\/pracownia-rekodziela.jpg&#8221; alt=&#8221;Zdj\u0119cie z zaj\u0119\u0107 &#8211; Pracownia R\u0119kodzie\u0142a.&#8221; title_text=&#8221;Zdj\u0119cie z zaj\u0119\u0107 &#8211; Pracownia R\u0119kodzie\u0142a&#8221; _builder_version=&#8221;4.16&#8243; _module_preset=&#8221;default&#8221; border_width_all=&#8221;5px&#8221; border_color_all=&#8221;#E17A2F&#8221; global_colors_info=&#8221;{}&#8221;][\/et_pb_image][\/et_pb_column][\/et_pb_row][\/et_pb_section][et_pb_section fb_built=&#8221;1&#8243; _builder_version=&#8221;4.16&#8243; _module_preset=&#8221;default&#8221; background_color=&#8221;rgba(59,59,59,0.05)&#8221; locked=&#8221;off&#8221; global_colors_info=&#8221;{}&#8221;][et_pb_row _builder_version=&#8221;4.16&#8243; _module_preset=&#8221;default&#8221; locked=&#8221;off&#8221; global_colors_info=&#8221;{}&#8221;][et_pb_column type=&#8221;4_4&#8243; _builder_version=&#8221;4.16&#8243; _module_preset=&#8221;default&#8221; global_colors_info=&#8221;{}&#8221;][et_pb_text _builder_version=&#8221;4.16&#8243; _module_preset=&#8221;default&#8221; text_font=&#8221;Open Sans||||||||&#8221; text_text_color=&#8221;#000000&#8243; text_line_height=&#8221;1.8em&#8221; width=&#8221;100%&#8221; width_tablet=&#8221;100%&#8221; width_phone=&#8221;100%&#8221; width_last_edited=&#8221;on|tablet&#8221; module_alignment=&#8221;center&#8221; global_colors_info=&#8221;{}&#8221;]<\/p>\n<p>W pracowni rzemios\u0142a artystycznego z elementami krawiectwa prowadzone s\u0105 r\u00f3\u017cnorodne formy i rodzaje terapii zaj\u0119ciowej b\u0119d\u0105ce cz\u0119\u015bci\u0105 ergoterapii. Zaj\u0119cia te s\u0105 procesem terapeutycznym, kt\u00f3ry w cz\u0119\u015bci przygotowuje uczestnik\u00f3w do podj\u0119cia zatrudnienia. Jest to miejsce, w kt\u00f3rym uczestnicy warsztatu mog\u0105 \u00a0doskonali\u0107 i rozwija\u0107 swoj\u0105 sprawno\u015b\u0107 manualn\u0105, \u0107wiczy\u0107 koordynacj\u0119 wzrokowo ruchow\u0105, koncentracj\u0119 uwagi, rozwija\u0107 swoj\u0105 kreatywno\u015b\u0107 oraz wyzwala\u0107 ukryte talenty artystyczne. W trakcie wykonywanej pracy poprzez r\u00f3\u017cnorodne techniki uczestnicy staraj\u0105 si\u0119 \u0107wiczy\u0107 cierpliwo\u015b\u0107, skrupulatno\u015b\u0107 i dok\u0142adno\u015b\u0107. \u00a0<\/p>\n<p>W pracowni uwzgl\u0119dniane s\u0105 predyspozycje i umiej\u0119tno\u015bci poszczeg\u00f3lnych os\u00f3b. Poprzez stosowanie takich metod jak: szycie na maszynie, haftowanie, tkanie, prac\u0119 z technik\u0105 decoupage, prac\u0119 z materia\u0142em czy \u0142\u0105czenie ze sob\u0105 r\u00f3\u017cnych form jeste\u015bmy w stanie stworzy\u0107 ozdoby \u015bwi\u0105teczne, elementy wystroju wn\u0119trz, czy artystyczne dekoracje, a przy tym przekaza\u0107 podopiecznym praktyczne umiej\u0119tno\u015bci.\u00a0<\/p>\n<p>Prace uczestnik\u00f3w cz\u0119sto s\u0105 eksponowane i znajduj\u0105 swoich odbiorc\u00f3w co nadaje sens wykonywanej pracy.<\/p>\n<p>[\/et_pb_text][\/et_pb_column][\/et_pb_row][\/et_pb_section]<\/p>\n","protected":false},"excerpt":{"rendered":"<p>Pracownia rzemios\u0142a artystycznego z elementami krawiectwaPoprzez ergoterapi\u0119 uczymy cierpliwo\u015bci, dok\u0142adno\u015bci oraz wyzwalamy ukryte talenty.W pracowni rzemios\u0142a artystycznego z elementami krawiectwa prowadzone s\u0105 r\u00f3\u017cnorodne formy i rodzaje terapii zaj\u0119ciowej b\u0119d\u0105ce cz\u0119\u015bci\u0105 ergoterapii. Zaj\u0119cia te s\u0105 procesem terapeutycznym, kt\u00f3ry w cz\u0119\u015bci przygotowuje uczestnik\u00f3w do podj\u0119cia zatrudnienia. Jest to miejsce, w kt\u00f3rym uczestnicy warsztatu mog\u0105 \u00a0doskonali\u0107 i rozwija\u0107 [&hellip;]<\/p>\n","protected":false},"author":1,"featured_media":0,"parent":0,"menu_order":0,"comment_status":"closed","ping_status":"closed","template":"","meta":{"_et_pb_use_builder":"on","_et_pb_old_content":"","_et_gb_content_width":"","footnotes":""},"class_list":["post-394","page","type-page","status-publish","hentry"],"_links":{"self":[{"href":"https:\/\/wtz81.pl\/index.php?rest_route=\/wp\/v2\/pages\/394","targetHints":{"allow":["GET"]}}],"collection":[{"href":"https:\/\/wtz81.pl\/index.php?rest_route=\/wp\/v2\/pages"}],"about":[{"href":"https:\/\/wtz81.pl\/index.php?rest_route=\/wp\/v2\/types\/page"}],"author":[{"embeddable":true,"href":"https:\/\/wtz81.pl\/index.php?rest_route=\/wp\/v2\/users\/1"}],"replies":[{"embeddable":true,"href":"https:\/\/wtz81.pl\/index.php?rest_route=%2Fwp%2Fv2%2Fcomments&post=394"}],"version-history":[{"count":4,"href":"https:\/\/wtz81.pl\/index.php?rest_route=\/wp\/v2\/pages\/394\/revisions"}],"predecessor-version":[{"id":593,"href":"https:\/\/wtz81.pl\/index.php?rest_route=\/wp\/v2\/pages\/394\/revisions\/593"}],"wp:attachment":[{"href":"https:\/\/wtz81.pl\/index.php?rest_route=%2Fwp%2Fv2%2Fmedia&parent=394"}],"curies":[{"name":"wp","href":"https:\/\/api.w.org\/{rel}","templated":true}]}}