{"id":402,"date":"2022-03-24T18:21:44","date_gmt":"2022-03-24T17:21:44","guid":{"rendered":"https:\/\/wtz81.pl\/?page_id=402"},"modified":"2022-04-05T13:09:33","modified_gmt":"2022-04-05T11:09:33","slug":"pracownia-stolarsko-konserwatorska-2","status":"publish","type":"page","link":"https:\/\/wtz81.pl\/?page_id=402","title":{"rendered":"Pracownia stolarsko-konserwatorska"},"content":{"rendered":"<p>[et_pb_section fb_built=&#8221;1&#8243; _builder_version=&#8221;4.16&#8243; _module_preset=&#8221;default&#8221; global_colors_info=&#8221;{}&#8221;][et_pb_row column_structure=&#8221;3_5,2_5&#8243; make_equal=&#8221;on&#8221; _builder_version=&#8221;4.16&#8243; _module_preset=&#8221;default&#8221; max_width=&#8221;100%&#8221; global_colors_info=&#8221;{}&#8221;][et_pb_column type=&#8221;3_5&#8243; _builder_version=&#8221;4.16&#8243; _module_preset=&#8221;default&#8221; global_colors_info=&#8221;{}&#8221;][et_pb_text _builder_version=&#8221;4.16&#8243; _module_preset=&#8221;default&#8221; header_font=&#8221;Open Sans|800|||||||&#8221; header_text_color=&#8221;#000000&#8243; header_font_size=&#8221;46px&#8221; custom_margin=&#8221;||0px||false|false&#8221; global_colors_info=&#8221;{}&#8221;]<\/p>\n<h1>Pracownia stolarsko-konserwatorska<\/h1>\n<p>[\/et_pb_text][et_pb_text _builder_version=&#8221;4.16&#8243; _module_preset=&#8221;default&#8221; text_font=&#8221;Open Sans|300|||||||&#8221; text_text_color=&#8221;#000000&#8243; text_font_size=&#8221;30px&#8221; text_line_height=&#8221;41px&#8221; width=&#8221;70%&#8221; width_tablet=&#8221;100%&#8221; width_phone=&#8221;100%&#8221; width_last_edited=&#8221;on|tablet&#8221; global_colors_info=&#8221;{}&#8221;]<\/p>\n<p>Uczymy obr\u00f3bki drewna i obs\u0142ugi elektronarz\u0119dzi oraz wykonujemy prace konserwatorskie.<\/p>\n<p>[\/et_pb_text][\/et_pb_column][et_pb_column type=&#8221;2_5&#8243; _builder_version=&#8221;4.16&#8243; _module_preset=&#8221;default&#8221; global_colors_info=&#8221;{}&#8221;][et_pb_image src=&#8221;https:\/\/wtz81.pl\/wp-content\/uploads\/2022\/03\/pracownia-stolarsko-konserwatorska.jpg&#8221; alt=&#8221;Zdj\u0119cia z zaj\u0119\u0107 &#8211; Pracownia stolarsko &#8211; konserwatorska.&#8221; title_text=&#8221;Zdj\u0119cia z zaj\u0119\u0107 &#8211; Pracownia stolarsko &#8211; konserwatorska&#8221; _builder_version=&#8221;4.16&#8243; _module_preset=&#8221;default&#8221; border_width_all=&#8221;5px&#8221; border_color_all=&#8221;#E17A2F&#8221; global_colors_info=&#8221;{}&#8221;][\/et_pb_image][\/et_pb_column][\/et_pb_row][\/et_pb_section][et_pb_section fb_built=&#8221;1&#8243; _builder_version=&#8221;4.16&#8243; _module_preset=&#8221;default&#8221; background_color=&#8221;rgba(59,59,59,0.05)&#8221; locked=&#8221;off&#8221; global_colors_info=&#8221;{}&#8221;][et_pb_row _builder_version=&#8221;4.16&#8243; _module_preset=&#8221;default&#8221; locked=&#8221;off&#8221; global_colors_info=&#8221;{}&#8221;][et_pb_column type=&#8221;4_4&#8243; _builder_version=&#8221;4.16&#8243; _module_preset=&#8221;default&#8221; global_colors_info=&#8221;{}&#8221;][et_pb_text _builder_version=&#8221;4.16&#8243; _module_preset=&#8221;default&#8221; text_font=&#8221;Open Sans||||||||&#8221; text_text_color=&#8221;#000000&#8243; text_line_height=&#8221;1.8em&#8221; width=&#8221;100%&#8221; width_tablet=&#8221;100%&#8221; width_phone=&#8221;100%&#8221; width_last_edited=&#8221;on|tablet&#8221; module_alignment=&#8221;center&#8221; global_colors_info=&#8221;{}&#8221;]<\/p>\n<p>W pracowni uczestnicy ucz\u0105 si\u0119 obr\u00f3bki drewna, wykonuj\u0105 prace renowacyjne i naprawcze na terenie WTZ, ucz\u0105 si\u0119 obs\u0142ugi elektronarz\u0119dzi b\u0119d\u0105cych na wyposa\u017ceniu pracowni oraz zapoznaj\u0105 si\u0119 z technik\u0105 wyrobu \u015bwiec.<\/p>\n<p>Zaj\u0119cia prowadzone s\u0105 indywidualnie z uczestnikiem lub poprzez prac\u0119 grupow\u0105. Stopie\u0144 przyswajania materia\u0142u by\u0142 bardzo r\u00f3\u017cny i zale\u017cy od indywidualnych mo\u017cliwo\u015bci i motywacji do nauki podopiecznych. Pracownia \u015bci\u015ble wsp\u00f3\u0142pracuje z innymi pracowniami: artystyczn\u0105, r\u0119kodzie\u0142a, czy umiej\u0119tno\u015bci spo\u0142ecznych. Do zada\u0144 pracowni nale\u017cy wykonywanie prac konserwatorskich i naprawczych poprawiaj\u0105cych estetyk\u0119 i funkcjonalno\u015b\u0107 w warsztacie.<\/p>\n<p>Uczestnicy z pracowni nabywaj\u0105 umiej\u0119tno\u015bci planowania i dokonywania zakup\u00f3w, dobierania i rozr\u00f3\u017cniania odpowiednich materia\u0142\u00f3w w zale\u017cno\u015bci od potrzeb i rodzaju wykonywanej czynno\u015bci. Uczestnicy wprowadzani s\u0105 w zasady sporz\u0105dzania rysunk\u00f3w technicznych, wymiarowania i obs\u0142ugi elektronarz\u0119dzi.<\/p>\n<p>[\/et_pb_text][\/et_pb_column][\/et_pb_row][\/et_pb_section]<\/p>\n","protected":false},"excerpt":{"rendered":"<p>Pracownia stolarsko-konserwatorskaUczymy obr\u00f3bki drewna i obs\u0142ugi elektronarz\u0119dzi oraz wykonujemy prace konserwatorskie.W pracowni uczestnicy ucz\u0105 si\u0119 obr\u00f3bki drewna, wykonuj\u0105 prace renowacyjne i naprawcze na terenie WTZ, ucz\u0105 si\u0119 obs\u0142ugi elektronarz\u0119dzi b\u0119d\u0105cych na wyposa\u017ceniu pracowni oraz zapoznaj\u0105 si\u0119 z technik\u0105 wyrobu \u015bwiec. Zaj\u0119cia prowadzone s\u0105 indywidualnie z uczestnikiem lub poprzez prac\u0119 grupow\u0105. Stopie\u0144 przyswajania materia\u0142u by\u0142 bardzo [&hellip;]<\/p>\n","protected":false},"author":1,"featured_media":0,"parent":0,"menu_order":0,"comment_status":"closed","ping_status":"closed","template":"","meta":{"_et_pb_use_builder":"on","_et_pb_old_content":"","_et_gb_content_width":"","footnotes":""},"class_list":["post-402","page","type-page","status-publish","hentry"],"_links":{"self":[{"href":"https:\/\/wtz81.pl\/index.php?rest_route=\/wp\/v2\/pages\/402","targetHints":{"allow":["GET"]}}],"collection":[{"href":"https:\/\/wtz81.pl\/index.php?rest_route=\/wp\/v2\/pages"}],"about":[{"href":"https:\/\/wtz81.pl\/index.php?rest_route=\/wp\/v2\/types\/page"}],"author":[{"embeddable":true,"href":"https:\/\/wtz81.pl\/index.php?rest_route=\/wp\/v2\/users\/1"}],"replies":[{"embeddable":true,"href":"https:\/\/wtz81.pl\/index.php?rest_route=%2Fwp%2Fv2%2Fcomments&post=402"}],"version-history":[{"count":2,"href":"https:\/\/wtz81.pl\/index.php?rest_route=\/wp\/v2\/pages\/402\/revisions"}],"predecessor-version":[{"id":569,"href":"https:\/\/wtz81.pl\/index.php?rest_route=\/wp\/v2\/pages\/402\/revisions\/569"}],"wp:attachment":[{"href":"https:\/\/wtz81.pl\/index.php?rest_route=%2Fwp%2Fv2%2Fmedia&parent=402"}],"curies":[{"name":"wp","href":"https:\/\/api.w.org\/{rel}","templated":true}]}}