{"id":417,"date":"2022-03-24T18:35:05","date_gmt":"2022-03-24T17:35:05","guid":{"rendered":"https:\/\/wtz81.pl\/?page_id=417"},"modified":"2022-03-25T13:48:11","modified_gmt":"2022-03-25T12:48:11","slug":"pracownia-komputerowa-i-urzadzen-biurowych-2","status":"publish","type":"page","link":"https:\/\/wtz81.pl\/?page_id=417","title":{"rendered":"Pracownia komputerowa i urz\u0105dze\u0144 biurowych"},"content":{"rendered":"<p>[et_pb_section fb_built=&#8221;1&#8243; _builder_version=&#8221;4.15&#8243; _module_preset=&#8221;default&#8221; global_colors_info=&#8221;{}&#8221;][et_pb_row column_structure=&#8221;3_5,2_5&#8243; make_equal=&#8221;on&#8221; _builder_version=&#8221;4.15&#8243; _module_preset=&#8221;default&#8221; max_width=&#8221;100%&#8221; global_colors_info=&#8221;{}&#8221;][et_pb_column type=&#8221;3_5&#8243; _builder_version=&#8221;4.15&#8243; _module_preset=&#8221;default&#8221; global_colors_info=&#8221;{}&#8221;][et_pb_text _builder_version=&#8221;4.15&#8243; _module_preset=&#8221;default&#8221; header_font=&#8221;Open Sans|800|||||||&#8221; header_text_color=&#8221;#000000&#8243; header_font_size=&#8221;46px&#8221; custom_margin=&#8221;||0px||false|false&#8221; global_colors_info=&#8221;{}&#8221;]<\/p>\n<h1>Pracownia komputerowa<br \/>i urz\u0105dze\u0144 biurowych.<\/h1>\n<p>[\/et_pb_text][et_pb_text _builder_version=&#8221;4.15.1&#8243; _module_preset=&#8221;default&#8221; text_font=&#8221;Open Sans|300|||||||&#8221; text_text_color=&#8221;#000000&#8243; text_font_size=&#8221;30px&#8221; text_line_height=&#8221;41px&#8221; width=&#8221;70%&#8221; width_tablet=&#8221;100%&#8221; width_phone=&#8221;100%&#8221; width_last_edited=&#8221;on|tablet&#8221; hover_enabled=&#8221;0&#8243; global_colors_info=&#8221;{}&#8221; sticky_enabled=&#8221;0&#8243;]<\/p>\n<p>Pog\u0142\u0119biamy i utrwalamy podstawowych umiej\u0119tno\u015bci pracy przy komputerze.<\/p>\n<p>[\/et_pb_text][\/et_pb_column][et_pb_column type=&#8221;2_5&#8243; _builder_version=&#8221;4.15&#8243; _module_preset=&#8221;default&#8221; global_colors_info=&#8221;{}&#8221;][et_pb_image src=&#8221;https:\/\/wtz81.pl\/wp-content\/uploads\/2022\/03\/pracownia-komputerowa-i-urzadzen-biurowych.jpg&#8221; alt=&#8221;Praca z komputerem &#8211; Pracownia komputerowa i urz\u0105dze\u0144 biurowych.&#8221; title_text=&#8221;Praca z komputerem &#8211; Pracownia komputerowa i urz\u0105dze\u0144 biurowych&#8221; _builder_version=&#8221;4.15&#8243; _module_preset=&#8221;default&#8221; global_colors_info=&#8221;{}&#8221; border_width_all=&#8221;5px&#8221; border_color_all=&#8221;#E17A2F&#8221;][\/et_pb_image][\/et_pb_column][\/et_pb_row][\/et_pb_section][et_pb_section fb_built=&#8221;1&#8243; _builder_version=&#8221;4.15&#8243; _module_preset=&#8221;default&#8221; background_color=&#8221;rgba(59,59,59,0.05)&#8221; locked=&#8221;off&#8221; global_colors_info=&#8221;{}&#8221;][et_pb_row _builder_version=&#8221;4.15&#8243; _module_preset=&#8221;default&#8221; locked=&#8221;off&#8221; global_colors_info=&#8221;{}&#8221;][et_pb_column type=&#8221;4_4&#8243; _builder_version=&#8221;4.15&#8243; _module_preset=&#8221;default&#8221; global_colors_info=&#8221;{}&#8221;][et_pb_text _builder_version=&#8221;4.15.1&#8243; _module_preset=&#8221;default&#8221; text_font=&#8221;Open Sans||||||||&#8221; text_text_color=&#8221;#000000&#8243; text_line_height=&#8221;1.8em&#8221; width=&#8221;100%&#8221; width_tablet=&#8221;100%&#8221; width_phone=&#8221;100%&#8221; width_last_edited=&#8221;on|tablet&#8221; module_alignment=&#8221;center&#8221; global_colors_info=&#8221;{}&#8221;]<\/p>\n<p>W pracowni do dyspozycji uczestnik\u00f3w jest pi\u0119\u0107 stanowisk komputerowych. Podstawowym celem programowym pracowni komputerowej jest pomoc w pog\u0142\u0119bianiu i utrwalaniu podstawowych umiej\u0119tno\u015bci pracy przy komputerze. Zaj\u0119cia w pracowni prowadzone s\u0105 za pomoc\u0105 r\u00f3\u017cnych metod i form pracy dostosowanych do indywidualnych potrzeb uczestnik\u00f3w.<\/p>\n<p>R\u00f3\u017cnorodno\u015b\u0107 proponowanych w ramach terapii prac pozwala na odkrywanie przez uczestnik\u00f3w zdolno\u015bci w zakresie obs\u0142ugi komputera oraz podnoszenie sprawno\u015bci\u00a0\u00a0intelektualnej i manualnej. Podopieczni ucz\u0105 si\u0119 praktycznej obs\u0142ugi komputera \u2013 zarz\u0105dzaj\u0105 plikami i folderami, poznaj\u0105 funkcjonalno\u015b\u0107 systemu operacyjnego, tworz\u0105 prost\u0105 grafik\u0119 komputerow\u0105, obs\u0142uguj\u0105 pakiet biurowy MS Office, korzystaj\u0105 z urz\u0105dze\u0144 znajduj\u0105cych si\u0119 w pracowni (skaner, drukarka, gilotyna, bindownica, laminator).<\/p>\n<p>W pracy z komputerem wykorzystywane s\u0105 r\u00f3wnie\u017c gry i programy edukacyjne rozwijaj\u0105ce spostrzegawczo\u015b\u0107, umiej\u0119tno\u015b\u0107 logicznego my\u015blenia i pami\u0119\u0107 oraz pobudzaj\u0105ce wyobra\u017ani\u0119. R\u00f3\u017cnorodna gama wykonywanych prac i \u0107wicze\u0144 pozwala utrwali\u0107 i podnosi\u0107 zakres posiadanej wiedzy i umiej\u0119tno\u015bci.<\/p>\n<p>[\/et_pb_text][\/et_pb_column][\/et_pb_row][\/et_pb_section]<\/p>\n","protected":false},"excerpt":{"rendered":"<p>Pracownia komputerowai urz\u0105dze\u0144 biurowych.Pog\u0142\u0119biamy i utrwalamy podstawowych umiej\u0119tno\u015bci pracy przy komputerze.W pracowni do dyspozycji uczestnik\u00f3w jest pi\u0119\u0107 stanowisk komputerowych. Podstawowym celem programowym pracowni komputerowej jest pomoc w pog\u0142\u0119bianiu i utrwalaniu podstawowych umiej\u0119tno\u015bci pracy przy komputerze. Zaj\u0119cia w pracowni prowadzone s\u0105 za pomoc\u0105 r\u00f3\u017cnych metod i form pracy dostosowanych do indywidualnych potrzeb uczestnik\u00f3w. R\u00f3\u017cnorodno\u015b\u0107 proponowanych w [&hellip;]<\/p>\n","protected":false},"author":1,"featured_media":0,"parent":0,"menu_order":0,"comment_status":"closed","ping_status":"closed","template":"","meta":{"_et_pb_use_builder":"on","_et_pb_old_content":"","_et_gb_content_width":"","footnotes":""},"class_list":["post-417","page","type-page","status-publish","hentry"],"_links":{"self":[{"href":"https:\/\/wtz81.pl\/index.php?rest_route=\/wp\/v2\/pages\/417","targetHints":{"allow":["GET"]}}],"collection":[{"href":"https:\/\/wtz81.pl\/index.php?rest_route=\/wp\/v2\/pages"}],"about":[{"href":"https:\/\/wtz81.pl\/index.php?rest_route=\/wp\/v2\/types\/page"}],"author":[{"embeddable":true,"href":"https:\/\/wtz81.pl\/index.php?rest_route=\/wp\/v2\/users\/1"}],"replies":[{"embeddable":true,"href":"https:\/\/wtz81.pl\/index.php?rest_route=%2Fwp%2Fv2%2Fcomments&post=417"}],"version-history":[{"count":0,"href":"https:\/\/wtz81.pl\/index.php?rest_route=\/wp\/v2\/pages\/417\/revisions"}],"wp:attachment":[{"href":"https:\/\/wtz81.pl\/index.php?rest_route=%2Fwp%2Fv2%2Fmedia&parent=417"}],"curies":[{"name":"wp","href":"https:\/\/api.w.org\/{rel}","templated":true}]}}